{"id":5468,"date":"2024-09-09T14:53:02","date_gmt":"2024-09-09T12:53:02","guid":{"rendered":"https:\/\/gplast.se\/about-us\/job-vacancies\/truck-driver\/"},"modified":"2024-09-09T15:00:42","modified_gmt":"2024-09-09T13:00:42","slug":"truck-driver","status":"publish","type":"page","link":"https:\/\/gplast.se\/en\/contact\/job-vacancies\/truck-driver\/","title":{"rendered":"Truck driver"},"content":{"rendered":"<p><div class=\"fusion-fullwidth fullwidth-box fusion-builder-row-1 fusion-flex-container fusion-parallax-none nonhundred-percent-fullwidth non-hundred-percent-height-scrolling\" style=\"--awb-border-radius-top-left:0px;--awb-border-radius-top-right:0px;--awb-border-radius-bottom-right:0px;--awb-border-radius-bottom-left:0px;--awb-background-color:#eeeeee;--awb-background-image:url(&quot;https:\/\/gplast.se\/wp-content\/uploads\/2021\/04\/1806x958_header_lastbilar_05-scaled.jpg&quot;);--awb-background-size:cover;--awb-flex-wrap:wrap;\" ><div class=\"fusion-builder-row fusion-row fusion-flex-align-items-flex-start fusion-flex-justify-content-center fusion-flex-content-wrap\" style=\"max-width:calc( 1180px + 0px );margin-left: calc(-0px \/ 2 );margin-right: calc(-0px \/ 2 );\"><div class=\"fusion-layout-column fusion_builder_column fusion-builder-column-0 fusion_builder_column_2_3 2_3 fusion-flex-column fusion-animated\" style=\"--awb-bg-size:cover;--awb-width-large:66.666666666667%;--awb-margin-top-large:300px;--awb-spacing-right-large:0px;--awb-margin-bottom-large:300px;--awb-spacing-left-large:0px;--awb-width-medium:100%;--awb-order-medium:0;--awb-spacing-right-medium:0px;--awb-spacing-left-medium:0px;--awb-width-small:100%;--awb-order-small:0;--awb-spacing-right-small:0px;--awb-spacing-left-small:0px;\" data-animationType=\"zoomIn\" data-animationDuration=\"0.9\" data-animationOffset=\"top-into-view\"><div class=\"fusion-column-wrapper fusion-column-has-shadow fusion-flex-justify-content-flex-start fusion-content-layout-column\"><\/div><\/div><\/div><\/div><div class=\"fusion-fullwidth fullwidth-box fusion-builder-row-2 fusion-flex-container nonhundred-percent-fullwidth non-hundred-percent-height-scrolling\" style=\"--awb-border-radius-top-left:0px;--awb-border-radius-top-right:0px;--awb-border-radius-bottom-right:0px;--awb-border-radius-bottom-left:0px;--awb-background-color:#dcecf8;--awb-flex-wrap:wrap;\" ><div class=\"fusion-builder-row fusion-row fusion-flex-align-items-flex-start fusion-flex-content-wrap\" style=\"max-width:1227.2px;margin-left: calc(-4% \/ 2 );margin-right: calc(-4% \/ 2 );\"><div class=\"fusion-layout-column fusion_builder_column fusion-builder-column-1 fusion_builder_column_1_1 1_1 fusion-flex-column\" style=\"--awb-bg-size:cover;--awb-width-large:100%;--awb-margin-top-large:15px;--awb-spacing-right-large:1.92%;--awb-margin-bottom-large:15px;--awb-spacing-left-large:1.92%;--awb-width-medium:100%;--awb-order-medium:0;--awb-spacing-right-medium:1.92%;--awb-spacing-left-medium:1.92%;--awb-width-small:100%;--awb-order-small:0;--awb-spacing-right-small:1.92%;--awb-spacing-left-small:1.92%;\"><div class=\"fusion-column-wrapper fusion-column-has-shadow fusion-flex-justify-content-flex-start fusion-content-layout-column\"><nav class=\"fusion-breadcrumbs awb-yoast-breadcrumbs fusion-breadcrumbs-1\" style=\"--awb-margin-top:1px;--awb-margin-bottom:1px;--awb-alignment:center;--awb-breadcrumb-sep:&#039;\/&#039;;text-align:center;\" aria-label=\"Breadcrumb\"><span><span><a href=\"https:\/\/gplast.se\/en\/\">Hem<\/a><\/span><\/span><\/nav><\/div><\/div><\/div><\/div>\n<div class=\"fusion-fullwidth fullwidth-box fusion-builder-row-3 fusion-flex-container nonhundred-percent-fullwidth non-hundred-percent-height-scrolling\" style=\"--awb-border-radius-top-left:0px;--awb-border-radius-top-right:0px;--awb-border-radius-bottom-right:0px;--awb-border-radius-bottom-left:0px;--awb-padding-top:0px;--awb-padding-bottom:70px;--awb-background-color:#dcecf8;--awb-flex-wrap:wrap;\" ><div class=\"fusion-builder-row fusion-row fusion-flex-align-items-flex-start fusion-flex-content-wrap\" style=\"max-width:1227.2px;margin-left: calc(-4% \/ 2 );margin-right: calc(-4% \/ 2 );\"><div class=\"fusion-layout-column fusion_builder_column fusion-builder-column-2 fusion_builder_column_1_6 1_6 fusion-flex-column fusion-no-small-visibility\" style=\"--awb-bg-size:cover;--awb-width-large:16.666666666667%;--awb-margin-top-large:15px;--awb-spacing-right-large:11.52%;--awb-margin-bottom-large:15px;--awb-spacing-left-large:11.52%;--awb-width-medium:100%;--awb-spacing-right-medium:1.92%;--awb-spacing-left-medium:1.92%;--awb-width-small:100%;--awb-spacing-right-small:1.92%;--awb-spacing-left-small:1.92%;\"><div class=\"fusion-column-wrapper fusion-flex-justify-content-flex-start fusion-content-layout-column\"><\/div><\/div><div class=\"fusion-layout-column fusion_builder_column fusion-builder-column-3 fusion_builder_column_2_3 2_3 fusion-flex-column\" style=\"--awb-bg-size:cover;--awb-width-large:66.666666666667%;--awb-margin-top-large:20px;--awb-spacing-right-large:2.88%;--awb-margin-bottom-large:45px;--awb-spacing-left-large:2.88%;--awb-width-medium:100%;--awb-spacing-right-medium:1.92%;--awb-margin-bottom-medium:24px;--awb-spacing-left-medium:1.92%;--awb-width-small:100%;--awb-spacing-right-small:1.92%;--awb-spacing-left-small:1.92%;\"><div class=\"fusion-column-wrapper fusion-flex-justify-content-flex-start fusion-content-layout-column\"><div class=\"fusion-title title fusion-title-1 fusion-sep-none fusion-title-center fusion-title-text fusion-title-size-two\" style=\"--awb-margin-top:0px;--awb-margin-bottom:0px;\"><h2 class=\"fusion-title-heading title-heading-center fusion-responsive-typography-calculated\" style=\"margin:0;--fontSize:35;line-height:1.05;\"><h2 style=\"text-align: center;\">Are you one of our new truck drivers?<\/h2><\/h2><\/div><div class=\"fusion-separator\" style=\"align-self: center;margin-left: auto;margin-right: auto;margin-top:10px;margin-bottom:36px;width:100%;max-width:24%;\"><div class=\"fusion-separator-border sep-single\" style=\"--awb-height:20px;--awb-amount:20px;border-color:#1b263a;border-top-width:2px;\"><\/div><\/div><div class=\"fusion-text fusion-text-1\"><p style=\"text-align: left;\">We are looking for truck drivers!<\/p>\n<\/div><div class=\"fusion-form fusion-form-builder fusion-form-form-wrapper fusion-form-4615\" style=\"--awb-tooltip-text-color:#ffffff;--awb-tooltip-background-color:#333333;\" data-form-id=\"4615\" data-config=\"{&quot;form_id&quot;:4615,&quot;form_post_id&quot;:4615,&quot;post_id&quot;:5468,&quot;form_type&quot;:&quot;ajax&quot;,&quot;confirmation_type&quot;:&quot;message&quot;,&quot;redirect_url&quot;:&quot;&quot;,&quot;redirect_timeout&quot;:&quot;0&quot;,&quot;field_labels&quot;:{&quot;name&quot;:&quot;First and last name&quot;,&quot;address&quot;:&quot;Address&quot;,&quot;zip&quot;:&quot;Postal code and town&quot;,&quot;phone&quot;:&quot;Telephone number&quot;,&quot;email&quot;:&quot;Email&quot;,&quot;qualifications&quot;:&quot;Authorities&quot;,&quot;work_experience&quot;:&quot;How many years in the profession&quot;,&quot;work_location&quot;:&quot;Desired place of work&quot;,&quot;work_time&quot;:&quot;Desired work shifts&quot;},&quot;field_logics&quot;:{&quot;name&quot;:&quot;&quot;,&quot;address&quot;:&quot;&quot;,&quot;zip&quot;:&quot;&quot;,&quot;phone&quot;:&quot;&quot;,&quot;email&quot;:&quot;&quot;,&quot;qualifications&quot;:&quot;&quot;,&quot;work_experience&quot;:&quot;&quot;,&quot;work_location&quot;:&quot;&quot;,&quot;work_time&quot;:&quot;&quot;,&quot;submit_1&quot;:&quot;&quot;,&quot;notice_1&quot;:&quot;&quot;},&quot;field_types&quot;:{&quot;name&quot;:&quot;text&quot;,&quot;address&quot;:&quot;text&quot;,&quot;zip&quot;:&quot;text&quot;,&quot;phone&quot;:&quot;phone_number&quot;,&quot;email&quot;:&quot;email&quot;,&quot;qualifications&quot;:&quot;checkbox&quot;,&quot;work_experience&quot;:&quot;radio&quot;,&quot;work_location&quot;:&quot;radio&quot;,&quot;work_time&quot;:&quot;checkbox&quot;,&quot;submit_1&quot;:&quot;submit&quot;,&quot;notice_1&quot;:&quot;notice&quot;,&quot;recaptcha_1&quot;:&quot;recaptcha&quot;,&quot;hypot_field&quot;:&quot;honeypot&quot;},&quot;nonce_method&quot;:&quot;ajax&quot;,&quot;form_views&quot;:&quot;ajax&quot;,&quot;form_views_counting&quot;:&quot;all&quot;}\"><form action=\"https:\/\/gplast.se\/en\/contact\/job-vacancies\/truck-driver\/\" method=\"post\" class=\"fusion-form fusion-form-4615\"><div class=\"fusion-fullwidth fullwidth-box fusion-builder-row-3-1 fusion-flex-container has-pattern-background has-mask-background nonhundred-percent-fullwidth non-hundred-percent-height-scrolling\" style=\"--awb-border-radius-top-left:0px;--awb-border-radius-top-right:0px;--awb-border-radius-bottom-right:0px;--awb-border-radius-bottom-left:0px;--awb-padding-top:0px;--awb-padding-right:0px;--awb-padding-bottom:0px;--awb-padding-left:0px;--awb-margin-top:0px;--awb-margin-bottom:0px;--awb-background-color:#dcecf8;--awb-flex-wrap:wrap;\" ><div class=\"fusion-builder-row fusion-row fusion-flex-align-items-flex-start fusion-flex-content-wrap\" style=\"width:104% !important;max-width:104% !important;margin-left: calc(-4% \/ 2 );margin-right: calc(-4% \/ 2 );\"><div class=\"fusion-layout-column fusion_builder_column fusion-builder-column-4 fusion_builder_column_1_1 1_1 fusion-flex-column\" style=\"--awb-bg-size:cover;--awb-width-large:100%;--awb-flex-grow:0;--awb-flex-shrink:0;--awb-margin-top-large:15px;--awb-spacing-right-large:1.92%;--awb-margin-bottom-large:15px;--awb-spacing-left-large:1.92%;--awb-width-medium:100%;--awb-order-medium:0;--awb-flex-grow-medium:0;--awb-flex-shrink-medium:0;--awb-spacing-right-medium:1.92%;--awb-spacing-left-medium:1.92%;--awb-width-small:100%;--awb-order-small:0;--awb-flex-grow-small:0;--awb-flex-shrink-small:0;--awb-spacing-right-small:1.92%;--awb-spacing-left-small:1.92%;\"><div class=\"fusion-column-wrapper fusion-column-has-shadow fusion-flex-justify-content-flex-start fusion-content-layout-column\"><div class=\"fusion-form-field fusion-form-text-field fusion-form-label-above\" style=\"\" data-form-id=\"4615\"><div class=\"fusion-form-label-wrapper\"><label for=\"name\">First and last name <abbr class=\"fusion-form-element-required\" title=\"required\">*<\/abbr><\/label><\/div><input type=\"text\" autocomplete=\"off\" name=\"name\" id=\"name\" value=\"\"  class=\"fusion-form-input\" required=\"true\" aria-required=\"true\" placeholder=\"FIRST AND LAST NAME *\" data-holds-private-data=\"false\" minlength=\"0\"\/><\/div><div class=\"fusion-form-field fusion-form-text-field fusion-form-label-above\" style=\"\" data-form-id=\"4615\"><div class=\"fusion-form-label-wrapper\"><label for=\"address\">Address <abbr class=\"fusion-form-element-required\" title=\"required\">*<\/abbr><\/label><\/div><input type=\"text\" autocomplete=\"off\" name=\"address\" id=\"address\" value=\"\"  class=\"fusion-form-input\" required=\"true\" aria-required=\"true\" placeholder=\"ADDRESS *\" data-holds-private-data=\"false\" minlength=\"0\"\/><\/div><div class=\"fusion-form-field fusion-form-text-field fusion-form-label-above\" style=\"\" data-form-id=\"4615\"><div class=\"fusion-form-label-wrapper\"><label for=\"zip\">Postal code and town <abbr class=\"fusion-form-element-required\" title=\"required\">*<\/abbr><\/label><\/div><input type=\"text\" autocomplete=\"off\"  pattern=\"\\d{3}\\s?\\d{2}\\s?([a-zA-Z\u00e5-\u00f6-\u00c5-\u00d6]+\\s?)*\" name=\"zip\" id=\"zip\" value=\"\"  class=\"fusion-form-input\" required=\"true\" aria-required=\"true\" placeholder=\"POSTAL CODE AND CITY *\" data-holds-private-data=\"false\" minlength=\"0\"\/><\/div><div class=\"fusion-form-field fusion-form-phone-number-field fusion-form-label-above\" style=\"\" data-form-id=\"4615\"><div class=\"fusion-form-label-wrapper\"><label for=\"phone\">Telephone number <abbr class=\"fusion-form-element-required\" title=\"required\">*<\/abbr><\/label><\/div><input type=\"tel\" autocomplete=\"off\" name=\"phone\" id=\"phone\" value=\"\"  class=\"fusion-form-input\" required=\"true\" aria-required=\"true\" placeholder=\"PHONE NUMBER *\" data-holds-private-data=\"false\"\/><\/div><div class=\"fusion-form-field fusion-form-email-field fusion-form-label-above\" style=\"\" data-form-id=\"4615\"><div class=\"fusion-form-label-wrapper\"><label for=\"email\">Email <abbr class=\"fusion-form-element-required\" title=\"required\">*<\/abbr><\/label><\/div><input type=\"email\" autocomplete=\"off\" name=\"email\" id=\"email\" value=\"\"  class=\"fusion-form-input\" required=\"true\" aria-required=\"true\" placeholder=\"MEJL *\" data-holds-private-data=\"false\"\/><\/div><div class=\"fusion-form-field fusion-form-checkbox-field fusion-form-label-above\" style=\"\" data-form-id=\"4615\"><fieldset><legend class=\"fusion-form-label-wrapper\"><span class=\"label\">Authorities<\/span><\/legend><div class=\"fusion-form-checkbox\"><input tabindex=\"\" id=\"checkbox-qualifications-1-0\" type=\"checkbox\" value=\"C\" name=\"qualifications[]\" class=\"fusion-form-input\" data-holds-private-data=\"false\"\/><label for=\"checkbox-qualifications-1-0\">C<\/label><\/div><div class=\"fusion-form-checkbox\"><input tabindex=\"\" id=\"checkbox-qualifications-1-1\" type=\"checkbox\" value=\"EC\" name=\"qualifications[]\" class=\"fusion-form-input\" data-holds-private-data=\"false\"\/><label for=\"checkbox-qualifications-1-1\">EC<\/label><\/div><div class=\"fusion-form-checkbox\"><input tabindex=\"\" id=\"checkbox-qualifications-1-2\" type=\"checkbox\" value=\"ADR 1.4\" name=\"qualifications[]\" class=\"fusion-form-input\" data-holds-private-data=\"false\"\/><label for=\"checkbox-qualifications-1-2\">ADR 1.4<\/label><\/div><div class=\"fusion-form-checkbox\"><input tabindex=\"\" id=\"checkbox-qualifications-1-3\" type=\"checkbox\" value=\"YKB\" name=\"qualifications[]\" class=\"fusion-form-input\" data-holds-private-data=\"false\"\/><label for=\"checkbox-qualifications-1-3\">YKB<\/label><\/div><div class=\"fusion-form-checkbox\"><input tabindex=\"\" id=\"checkbox-qualifications-1-4\" type=\"checkbox\" value=\"truck\" name=\"qualifications[]\" class=\"fusion-form-input\" data-holds-private-data=\"false\"\/><label for=\"checkbox-qualifications-1-4\">truck<\/label><\/div><\/fieldset><\/div><div class=\"fusion-form-field fusion-form-radio-field fusion-form-label-above\" style=\"\" data-form-id=\"4615\"><fieldset><legend class=\"fusion-form-label-wrapper\"><span class=\"label\">How many years in the profession <abbr class=\"fusion-form-element-required\" title=\"required\">*<\/abbr><\/span><\/legend><div class=\"fusion-form-radio\"><input tabindex=\"\" id=\"radio-work_experience-1-0\" type=\"radio\" value=\"1-5 years\" name=\"work_experience\" class=\"fusion-form-input\" required=\"true\" aria-required=\"true\" data-holds-private-data=\"false\"\/><label for=\"radio-work_experience-1-0\">1-5 years<\/label><\/div><div class=\"fusion-form-radio\"><input tabindex=\"\" id=\"radio-work_experience-1-1\" type=\"radio\" value=\"5-10 years\" name=\"work_experience\" class=\"fusion-form-input\" required=\"true\" aria-required=\"true\" data-holds-private-data=\"false\"\/><label for=\"radio-work_experience-1-1\">5-10 years<\/label><\/div><div class=\"fusion-form-radio\"><input tabindex=\"\" id=\"radio-work_experience-1-2\" type=\"radio\" value=\"10 years and above\" name=\"work_experience\" class=\"fusion-form-input\" required=\"true\" aria-required=\"true\" data-holds-private-data=\"false\"\/><label for=\"radio-work_experience-1-2\">10 years and above<\/label><\/div><\/fieldset><\/div><div class=\"fusion-form-field fusion-form-radio-field fusion-form-label-above\" style=\"\" data-form-id=\"4615\"><fieldset><legend class=\"fusion-form-label-wrapper\"><span class=\"label\">Desired place of work <abbr class=\"fusion-form-element-required\" title=\"required\">*<\/abbr><\/span><\/legend><div class=\"fusion-form-radio\"><input tabindex=\"\" id=\"radio-work_location-2-0\" type=\"radio\" value=\"Malm\u00f6\" name=\"work_location\" class=\"fusion-form-input\" required=\"true\" aria-required=\"true\" data-holds-private-data=\"false\"\/><label for=\"radio-work_location-2-0\">Malm\u00f6<\/label><\/div><div class=\"fusion-form-radio\"><input tabindex=\"\" id=\"radio-work_location-2-1\" type=\"radio\" value=\"Stockholm\" name=\"work_location\" class=\"fusion-form-input\" required=\"true\" aria-required=\"true\" data-holds-private-data=\"false\"\/><label for=\"radio-work_location-2-1\">Stockholm<\/label><\/div><div class=\"fusion-form-radio\"><input tabindex=\"\" id=\"radio-work_location-2-2\" type=\"radio\" value=\"S\u00f6dert\u00e4lje\" name=\"work_location\" class=\"fusion-form-input\" required=\"true\" aria-required=\"true\" data-holds-private-data=\"false\"\/><label for=\"radio-work_location-2-2\">S\u00f6dert\u00e4lje<\/label><\/div><\/fieldset><\/div><div class=\"fusion-form-field fusion-form-checkbox-field fusion-form-label-above\" style=\"\" data-form-id=\"4615\"><fieldset><legend class=\"fusion-form-label-wrapper\"><span class=\"label\">Desired work shifts<\/span><\/legend><div class=\"fusion-form-checkbox\"><input tabindex=\"\" id=\"checkbox-work_time-2-0\" type=\"checkbox\" value=\"Day\" name=\"work_time[]\" class=\"fusion-form-input\" data-holds-private-data=\"false\"\/><label for=\"checkbox-work_time-2-0\">Day<\/label><\/div><div class=\"fusion-form-checkbox\"><input tabindex=\"\" id=\"checkbox-work_time-2-1\" type=\"checkbox\" value=\"Night\" name=\"work_time[]\" class=\"fusion-form-input\" data-holds-private-data=\"false\"\/><label for=\"checkbox-work_time-2-1\">Night<\/label><\/div><\/fieldset><\/div><div class=\"fusion-form-field fusion-form-submit-field fusion-form-label-above\" style=\"\" data-form-id=\"4615\"><div ><button type=\"submit\" class=\"fusion-button button-flat fusion-button-default-size button-default fusion-button-default button-1 fusion-button-default-span  button-default form-form-submit\" style=\"width:calc(100%);\" data-form-number=\"4615\" tabindex=\"\"><span class=\"fusion-button-text awb-button__text awb-button__text--default\">SEND<\/span><\/button><\/div><\/div><div class=\"form-submission-notices data-notice_1\" id=\"fusion-notices-1\"><div class=\"fusion-alert alert success alert-success fusion-alert-center fusion-form-response fusion-form-response-success awb-alert-native-link-color alert-dismissable awb-alert-close-boxed\" role=\"alert\"><div class=\"fusion-alert-content-wrapper\"><span class=\"alert-icon\"><i class=\"awb-icon-check-circle\" aria-hidden=\"true\"><\/i><\/span><span class=\"fusion-alert-content\">Thank you for your application. We currently have no vacancies but we will keep your data for future recruitment.<\/span><\/div><button type=\"button\" class=\"close toggle-alert\" data-dismiss=\"alert\" aria-label=\"Close\">&times;<\/button><\/div><div class=\"fusion-alert alert error alert-danger fusion-alert-center fusion-form-response fusion-form-response-error awb-alert-native-link-color alert-dismissable awb-alert-close-boxed\" role=\"alert\"><div class=\"fusion-alert-content-wrapper\"><span class=\"alert-icon\"><i class=\"awb-icon-exclamation-triangle\" aria-hidden=\"true\"><\/i><\/span><span class=\"fusion-alert-content\">There was an error trying to send your message. Try again later.<\/span><\/div><button type=\"button\" class=\"close toggle-alert\" data-dismiss=\"alert\" aria-label=\"Close\">&times;<\/button><\/div><\/div><div class=\"fusion-form-field fusion-form-recaptcha-field fusion-form-label-above\" style=\"\" data-form-id=\"4615\">\t\t\t\t<div class=\"form-creator-recaptcha\" >\n\t\t\t\t\t\t\t\t\t\t\t\t\t\t\t\t\t\t\t\t\t\t\t\t<div\n\t\t\t\t\t\t\tid=\"g-recaptcha-id-form-4615\"\n\t\t\t\t\t\t\tclass=\"fusion-form-recaptcha-v3 recaptcha-container  fusion-form-hide-recaptcha-badge\"\n\t\t\t\t\t\t\tdata-sitekey=\"6Lei9n0iAAAAADUyR4n8HMzY4pBXX00V3G-y0upU\"\n\t\t\t\t\t\t\tdata-badge=\"hide\">\n\t\t\t\t\t\t<\/div>\n\t\t\t\t\t\t<input\n\t\t\t\t\t\t\ttype=\"hidden\"\n\t\t\t\t\t\t\tname=\"fusion-form-recaptcha-response\"\n\t\t\t\t\t\t\tclass=\"g-recaptcha-response\"\n\t\t\t\t\t\t\tid=\"fusion-form-recaptcha-response-4615\"\n\t\t\t\t\t\t\tvalue=\"\">\n\t\t\t\t\t\t\t\t\t\t\t\t\t\t\t<\/div>\n\t\t\t\t<\/div><div class=\"fusion-form-field fusion-form-honeypot-field fusion-form-label-above\" style=\"\" data-form-id=\"4615\"><input type=\"hidden\" tabindex=\"-1\" name=\"hypot_field\" class=\"fusion-form-input\" autocomplete=\"hypot-69d295ae466dd\" aria-hidden=\"true\" data-fusion-is-honeypot=\"true\"><\/div><\/div><\/div><\/div><\/div><input type=\"hidden\" name=\"fusion_privacy_store_ip_ua\" value=\"false\"><input type=\"hidden\" name=\"fusion_privacy_expiration_interval\" value=\"48\"><input type=\"hidden\" name=\"privacy_expiration_action\" value=\"anonymize\"><\/form><\/div><\/div><\/div><div class=\"fusion-layout-column fusion_builder_column fusion-builder-column-5 fusion_builder_column_1_6 1_6 fusion-flex-column fusion-no-small-visibility\" style=\"--awb-bg-size:cover;--awb-width-large:16.666666666667%;--awb-flex-grow:0;--awb-flex-shrink:0;--awb-margin-top-large:15px;--awb-spacing-right-large:11.52%;--awb-margin-bottom-large:15px;--awb-spacing-left-large:11.52%;--awb-width-medium:100%;--awb-flex-grow-medium:0;--awb-flex-shrink-medium:0;--awb-spacing-right-medium:1.92%;--awb-spacing-left-medium:1.92%;--awb-width-small:100%;--awb-flex-grow-small:0;--awb-flex-shrink-small:0;--awb-spacing-right-small:1.92%;--awb-spacing-left-small:1.92%;\"><div class=\"fusion-column-wrapper fusion-flex-justify-content-flex-start fusion-content-layout-column\"><\/div><\/div><\/div><\/div><\/p>\n","protected":false},"excerpt":{"rendered":"","protected":false},"author":9,"featured_media":0,"parent":4117,"menu_order":4,"comment_status":"closed","ping_status":"closed","template":"100-width.php","meta":{"_acf_changed":false,"footnotes":""},"class_list":["post-5468","page","type-page","status-publish","hentry"],"acf":[],"yoast_head":"<!-- This site is optimized with the Yoast SEO plugin v26.7 - https:\/\/yoast.com\/wordpress\/plugins\/seo\/ -->\n<title>Job vacancies | S\u00f6dert\u00e4lje, Stockholm and Malm\u00f6 | GP Last<\/title>\n<meta name=\"robots\" content=\"index, follow, max-snippet:-1, max-image-preview:large, max-video-preview:-1\" \/>\n<link rel=\"canonical\" href=\"https:\/\/gplast.se\/en\/contact\/job-vacancies\/truck-driver\/\" \/>\n<meta property=\"og:locale\" content=\"en_US\" \/>\n<meta property=\"og:type\" content=\"article\" \/>\n<meta property=\"og:title\" content=\"Job vacancies | S\u00f6dert\u00e4lje, Stockholm and Malm\u00f6 | GP Last\" \/>\n<meta property=\"og:url\" content=\"https:\/\/gplast.se\/en\/contact\/job-vacancies\/truck-driver\/\" \/>\n<meta property=\"og:site_name\" content=\"GPLast\" \/>\n<meta property=\"article:modified_time\" content=\"2024-09-09T13:00:42+00:00\" \/>\n<meta name=\"twitter:card\" content=\"summary_large_image\" \/>\n<meta name=\"twitter:label1\" content=\"Est. reading time\" \/>\n\t<meta name=\"twitter:data1\" content=\"7 minutes\" \/>\n<!-- \/ Yoast SEO plugin. -->","yoast_head_json":{"title":"Job vacancies | S\u00f6dert\u00e4lje, Stockholm and Malm\u00f6 | GP Last","robots":{"index":"index","follow":"follow","max-snippet":"max-snippet:-1","max-image-preview":"max-image-preview:large","max-video-preview":"max-video-preview:-1"},"canonical":"https:\/\/gplast.se\/en\/contact\/job-vacancies\/truck-driver\/","og_locale":"en_US","og_type":"article","og_title":"Job vacancies | S\u00f6dert\u00e4lje, Stockholm and Malm\u00f6 | GP Last","og_url":"https:\/\/gplast.se\/en\/contact\/job-vacancies\/truck-driver\/","og_site_name":"GPLast","article_modified_time":"2024-09-09T13:00:42+00:00","twitter_card":"summary_large_image","twitter_misc":{"Est. reading time":"7 minutes"},"schema":{"@context":"https:\/\/schema.org","@graph":[{"@type":"WebPage","@id":"https:\/\/gplast.se\/en\/contact\/job-vacancies\/truck-driver\/","url":"https:\/\/gplast.se\/en\/contact\/job-vacancies\/truck-driver\/","name":"Job vacancies | S\u00f6dert\u00e4lje, Stockholm and Malm\u00f6 | GP Last","isPartOf":{"@id":"https:\/\/gplast.se\/en\/#website"},"datePublished":"2024-09-09T12:53:02+00:00","dateModified":"2024-09-09T13:00:42+00:00","breadcrumb":{"@id":"https:\/\/gplast.se\/en\/contact\/job-vacancies\/truck-driver\/#breadcrumb"},"inLanguage":"en-US","potentialAction":[{"@type":"ReadAction","target":["https:\/\/gplast.se\/en\/contact\/job-vacancies\/truck-driver\/"]}]},{"@type":"BreadcrumbList","@id":"https:\/\/gplast.se\/en\/contact\/job-vacancies\/truck-driver\/#breadcrumb","itemListElement":[{"@type":"ListItem","position":1,"name":"Hem","item":"https:\/\/gplast.se\/en\/"},{"@type":"ListItem","position":2,"name":"CONTACT","item":"https:\/\/gplast.se\/en\/contact\/"},{"@type":"ListItem","position":3,"name":"JOB VACANCIES","item":"https:\/\/gplast.se\/en\/contact\/job-vacancies\/"},{"@type":"ListItem","position":4,"name":"Truck driver"}]},{"@type":"WebSite","@id":"https:\/\/gplast.se\/en\/#website","url":"https:\/\/gplast.se\/en\/","name":"GPLast","description":"Ditt logistikcenter i Sk\u00e5ne","potentialAction":[{"@type":"SearchAction","target":{"@type":"EntryPoint","urlTemplate":"https:\/\/gplast.se\/en\/?s={search_term_string}"},"query-input":{"@type":"PropertyValueSpecification","valueRequired":true,"valueName":"search_term_string"}}],"inLanguage":"en-US"}]}},"_links":{"self":[{"href":"https:\/\/gplast.se\/en\/wp-json\/wp\/v2\/pages\/5468","targetHints":{"allow":["GET"]}}],"collection":[{"href":"https:\/\/gplast.se\/en\/wp-json\/wp\/v2\/pages"}],"about":[{"href":"https:\/\/gplast.se\/en\/wp-json\/wp\/v2\/types\/page"}],"author":[{"embeddable":true,"href":"https:\/\/gplast.se\/en\/wp-json\/wp\/v2\/users\/9"}],"replies":[{"embeddable":true,"href":"https:\/\/gplast.se\/en\/wp-json\/wp\/v2\/comments?post=5468"}],"version-history":[{"count":6,"href":"https:\/\/gplast.se\/en\/wp-json\/wp\/v2\/pages\/5468\/revisions"}],"predecessor-version":[{"id":5500,"href":"https:\/\/gplast.se\/en\/wp-json\/wp\/v2\/pages\/5468\/revisions\/5500"}],"up":[{"embeddable":true,"href":"https:\/\/gplast.se\/en\/wp-json\/wp\/v2\/pages\/4117"}],"wp:attachment":[{"href":"https:\/\/gplast.se\/en\/wp-json\/wp\/v2\/media?parent=5468"}],"curies":[{"name":"wp","href":"https:\/\/api.w.org\/{rel}","templated":true}]}}