{"id":4368,"date":"2023-09-21T14:36:57","date_gmt":"2023-09-21T12:36:57","guid":{"rendered":"https:\/\/gplast.se\/?page_id=4368"},"modified":"2026-04-23T15:33:31","modified_gmt":"2026-04-23T13:33:31","slug":"audiosquad","status":"publish","type":"page","link":"https:\/\/gplast.se\/da\/vores-kunder\/audiosquad\/","title":{"rendered":"AUDIOSQUAD"},"content":{"rendered":"<p><div class=\"fusion-fullwidth fullwidth-box fusion-builder-row-1 fusion-flex-container has-pattern-background has-mask-background fusion-parallax-none nonhundred-percent-fullwidth non-hundred-percent-height-scrolling\" style=\"--awb-border-radius-top-left:0px;--awb-border-radius-top-right:0px;--awb-border-radius-bottom-right:0px;--awb-border-radius-bottom-left:0px;--awb-padding-top:45px;--awb-background-color:#eeeeee;--awb-background-image:url(&quot;https:\/\/gplast.se\/wp-content\/uploads\/2023\/09\/header_1806x958_audiosquad-1024x543.jpg&quot;);--awb-background-size:cover;--awb-flex-wrap:wrap;\" ><div class=\"fusion-builder-row fusion-row fusion-flex-align-items-flex-start fusion-flex-justify-content-center fusion-flex-content-wrap\" style=\"max-width:calc( 1180px + 0px );margin-left: calc(-0px \/ 2 );margin-right: calc(-0px \/ 2 );\"><div class=\"fusion-layout-column fusion_builder_column fusion-builder-column-0 fusion_builder_column_2_3 2_3 fusion-flex-column fusion-animated\" style=\"--awb-bg-size:cover;--awb-width-large:66.666666666667%;--awb-margin-top-large:85px;--awb-spacing-right-large:0px;--awb-margin-bottom-large:85px;--awb-spacing-left-large:0px;--awb-width-medium:100%;--awb-order-medium:0;--awb-spacing-right-medium:0px;--awb-spacing-left-medium:0px;--awb-width-small:100%;--awb-order-small:0;--awb-spacing-right-small:0px;--awb-spacing-left-small:0px;\" data-animationType=\"zoomIn\" data-animationDuration=\"0.9\" data-animationOffset=\"top-into-view\"><div class=\"fusion-column-wrapper fusion-column-has-shadow fusion-flex-justify-content-flex-start fusion-content-layout-column\"><div class=\"fusion-title title fusion-title-1 fusion-sep-none fusion-title-center fusion-title-text fusion-title-size-one\"><h1 class=\"fusion-title-heading title-heading-center fusion-responsive-typography-calculated\" style=\"margin:0;--fontSize:44;line-height:1.05;\"><\/h1><\/div><\/div><\/div><\/div><\/div><div class=\"fusion-fullwidth fullwidth-box fusion-builder-row-2 fusion-flex-container nonhundred-percent-fullwidth non-hundred-percent-height-scrolling\" style=\"--awb-border-radius-top-left:0px;--awb-border-radius-top-right:0px;--awb-border-radius-bottom-right:0px;--awb-border-radius-bottom-left:0px;--awb-background-color:#dcecf8;--awb-flex-wrap:wrap;\" ><div class=\"fusion-builder-row fusion-row fusion-flex-align-items-flex-start fusion-flex-content-wrap\" style=\"max-width:1227.2px;margin-left: calc(-4% \/ 2 );margin-right: calc(-4% \/ 2 );\"><div class=\"fusion-layout-column fusion_builder_column fusion-builder-column-1 fusion_builder_column_1_1 1_1 fusion-flex-column\" style=\"--awb-bg-size:cover;--awb-width-large:100%;--awb-margin-top-large:15px;--awb-spacing-right-large:1.92%;--awb-margin-bottom-large:15px;--awb-spacing-left-large:1.92%;--awb-width-medium:100%;--awb-order-medium:0;--awb-spacing-right-medium:1.92%;--awb-spacing-left-medium:1.92%;--awb-width-small:100%;--awb-order-small:0;--awb-spacing-right-small:1.92%;--awb-spacing-left-small:1.92%;\"><div class=\"fusion-column-wrapper fusion-column-has-shadow fusion-flex-justify-content-flex-start fusion-content-layout-column\"><nav class=\"fusion-breadcrumbs awb-yoast-breadcrumbs fusion-breadcrumbs-1\" style=\"--awb-margin-top:1px;--awb-margin-bottom:1px;--awb-alignment:center;--awb-breadcrumb-sep:&#039;\/&#039;;text-align:center;\" aria-label=\"Breadcrumb\"><span><span><a href=\"https:\/\/gplast.se\/da\/\">Hem<\/a><\/span><\/span><\/nav><\/div><\/div><\/div><\/div>\n<div class=\"fusion-fullwidth fullwidth-box fusion-builder-row-3 fusion-flex-container nonhundred-percent-fullwidth non-hundred-percent-height-scrolling\" style=\"--awb-border-radius-top-left:0px;--awb-border-radius-top-right:0px;--awb-border-radius-bottom-right:0px;--awb-border-radius-bottom-left:0px;--awb-padding-top:0px;--awb-padding-bottom:70px;--awb-background-color:#dcecf8;--awb-flex-wrap:wrap;\" ><div class=\"fusion-builder-row fusion-row fusion-flex-align-items-flex-start fusion-flex-content-wrap\" style=\"max-width:1227.2px;margin-left: calc(-4% \/ 2 );margin-right: calc(-4% \/ 2 );\"><div class=\"fusion-layout-column fusion_builder_column fusion-builder-column-2 fusion_builder_column_1_6 1_6 fusion-flex-column fusion-no-small-visibility\" style=\"--awb-bg-blend:overlay;--awb-bg-size:cover;--awb-width-large:16.666666666667%;--awb-margin-top-large:15px;--awb-spacing-right-large:11.52%;--awb-margin-bottom-large:15px;--awb-spacing-left-large:11.52%;--awb-width-medium:100%;--awb-spacing-right-medium:1.92%;--awb-spacing-left-medium:1.92%;--awb-width-small:100%;--awb-spacing-right-small:1.92%;--awb-spacing-left-small:1.92%;\"><div class=\"fusion-column-wrapper fusion-flex-justify-content-flex-start fusion-content-layout-column\"><\/div><\/div><div class=\"fusion-layout-column fusion_builder_column fusion-builder-column-3 fusion_builder_column_2_3 2_3 fusion-flex-column\" style=\"--awb-bg-blend:overlay;--awb-bg-size:cover;--awb-width-large:66.666666666667%;--awb-margin-top-large:20px;--awb-spacing-right-large:2.88%;--awb-margin-bottom-large:45px;--awb-spacing-left-large:2.88%;--awb-width-medium:100%;--awb-spacing-right-medium:1.92%;--awb-margin-bottom-medium:24px;--awb-spacing-left-medium:1.92%;--awb-width-small:100%;--awb-spacing-right-small:1.92%;--awb-spacing-left-small:1.92%;\"><div class=\"fusion-column-wrapper fusion-flex-justify-content-flex-start fusion-content-layout-column\"><div class=\"fusion-title title fusion-title-2 fusion-sep-none fusion-title-center fusion-title-text fusion-title-size-two\" style=\"--awb-margin-top:0px;--awb-margin-bottom:0px;\"><h2 class=\"fusion-title-heading title-heading-center fusion-responsive-typography-calculated\" style=\"margin:0;--fontSize:35;line-height:1.05;\"><h2 style=\"text-align: center;\">Jeg giver topkarakter til Paul, Per og de \u00f8vrige medarbejdere i GP Lastlageret!<\/h2><\/h2><\/div><div class=\"fusion-separator\" style=\"align-self: center;margin-left: auto;margin-right: auto;margin-top:10px;margin-bottom:36px;width:100%;max-width:24%;\"><div class=\"fusion-separator-border sep-single\" style=\"--awb-height:20px;--awb-amount:20px;border-color:#1b263a;border-top-width:2px;\"><\/div><\/div><div class=\"fusion-text fusion-text-1\"><p>Denne fine udtalelse kommer fra Ingemar Hagblom, administrerende direkt\u00f8r hos Audio Squad,GP Lastom hans virksomheds lange og frugtbare samarbejde med GP Last. Audio Squad er en virksomhed, der forhandler high-end-produkter fra TAD (Technical Audio Devices). I deres sortiment findes blandt andet meget eksklusive lyd- og billedanl\u00e6g, h\u00f8jttalere og anden hjemmeelektronik i h\u00f8j kvalitet.<\/p>\n<p>\u2013 Vi begyndte at samarbejde med  forGP Last allerede 15 \u00e5r siden, siger Ingemar. I dag benytter viGP Last  til 3PL (tredjepartslager) med alle tilh\u00f8rende tjenester, s\u00e5som p\u00e5- og afl\u00e6sning af containere, pakning og transport af vores produkter ud i Europa, forts\u00e6tter han.<\/p>\n<p>Ingemar fort\u00e6ller, at \u00e5rsagen til, at virksomheden valgte ,GP Last var, at han fik gode referencer vedr\u00f8rende GP Lasts fremragende h\u00e5ndtering af lager og transport samt virksomhedens meget serviceorienterede personale. N\u00f8glen til GP Lasts succes er det utroligt dygtige personale, der arbejder p\u00e5 lageret, mener han.<\/p>\n<p>\u2013 S\u00e5 valget var nemt, siger Ingemar. Sikkerheden er vigtig for os, da vi h\u00e5ndterer s\u00e5 dyre produkter, og GP Lastderes lagerstyring og transport fungerer perfekt for os. Derudover er deres personale utroligt serviceorienteret.GP Last  kan ganske enkelt tilbyde alle de tjenester, vi har brug for, og jeg vil uden t\u00f8ven anbefale dem til andre, afslutter Ingemar.<\/p>\n<\/div><\/div><\/div><div class=\"fusion-layout-column fusion_builder_column fusion-builder-column-4 fusion_builder_column_1_6 1_6 fusion-flex-column fusion-no-small-visibility\" style=\"--awb-bg-blend:overlay;--awb-bg-size:cover;--awb-width-large:16.666666666667%;--awb-margin-top-large:15px;--awb-spacing-right-large:11.52%;--awb-margin-bottom-large:15px;--awb-spacing-left-large:11.52%;--awb-width-medium:100%;--awb-spacing-right-medium:1.92%;--awb-spacing-left-medium:1.92%;--awb-width-small:100%;--awb-spacing-right-small:1.92%;--awb-spacing-left-small:1.92%;\"><div class=\"fusion-column-wrapper fusion-flex-justify-content-flex-start fusion-content-layout-column\"><\/div><\/div><\/div><\/div><div class=\"fusion-fullwidth fullwidth-box fusion-builder-row-4 fusion-flex-container hundred-percent-fullwidth non-hundred-percent-height-scrolling\" style=\"--awb-border-radius-top-left:0px;--awb-border-radius-top-right:0px;--awb-border-radius-bottom-right:0px;--awb-border-radius-bottom-left:0px;--awb-padding-top:0px;--awb-padding-right:0px;--awb-padding-bottom:0px;--awb-padding-left:0px;--awb-background-color:#333645;--awb-flex-wrap:wrap;\" ><div class=\"fusion-builder-row fusion-row fusion-flex-align-items-flex-start fusion-flex-content-wrap\" style=\"width:calc( 100% + 0px ) !important;max-width:calc( 100% + 0px ) !important;margin-left: calc(-0px \/ 2 );margin-right: calc(-0px \/ 2 );\"><\/div><\/div><\/p>\n","protected":false},"excerpt":{"rendered":"","protected":false},"author":2,"featured_media":0,"parent":4170,"menu_order":2,"comment_status":"closed","ping_status":"closed","template":"100-width.php","meta":{"_acf_changed":false,"footnotes":""},"class_list":["post-4368","page","type-page","status-publish","hentry"],"acf":[],"yoast_head":"<!-- This site is optimized with the Yoast SEO plugin v26.7 - https:\/\/yoast.com\/wordpress\/plugins\/seo\/ -->\n<title>Audio Squad | Kundereference | GP Last<\/title>\n<meta name=\"description\" content=\"L\u00e6s mere om, hvad Audio Squad siger om os! Vi er stolte af at arbejde sammen med Audio Squad og hj\u00e6lpe dem med deres logistikbehov | GP-Last\" \/>\n<meta name=\"robots\" content=\"index, follow, max-snippet:-1, max-image-preview:large, max-video-preview:-1\" \/>\n<link rel=\"canonical\" href=\"https:\/\/gplast.se\/da\/vores-kunder\/audiosquad\/\" \/>\n<meta property=\"og:locale\" content=\"da_DK\" \/>\n<meta property=\"og:type\" content=\"article\" \/>\n<meta property=\"og:title\" content=\"Audio Squad | Kundereference | GP Last\" \/>\n<meta property=\"og:description\" content=\"L\u00e6s mere om, hvad Audio Squad siger om os! Vi er stolte af at arbejde sammen med Audio Squad og hj\u00e6lpe dem med deres logistikbehov | GP-Last\" \/>\n<meta property=\"og:url\" content=\"https:\/\/gplast.se\/da\/vores-kunder\/audiosquad\/\" \/>\n<meta property=\"og:site_name\" content=\"GPLast\" \/>\n<meta property=\"article:modified_time\" content=\"2026-04-23T13:33:31+00:00\" \/>\n<meta name=\"twitter:card\" content=\"summary_large_image\" \/>\n<meta name=\"twitter:label1\" content=\"Estimeret l\u00e6setid\" \/>\n\t<meta name=\"twitter:data1\" content=\"5 minutter\" \/>\n<!-- \/ Yoast SEO plugin. -->","yoast_head_json":{"title":"Audio Squad | Kundereference | GP Last","description":"L\u00e6s mere om, hvad Audio Squad siger om os! Vi er stolte af at arbejde sammen med Audio Squad og hj\u00e6lpe dem med deres logistikbehov | GP-Last","robots":{"index":"index","follow":"follow","max-snippet":"max-snippet:-1","max-image-preview":"max-image-preview:large","max-video-preview":"max-video-preview:-1"},"canonical":"https:\/\/gplast.se\/da\/vores-kunder\/audiosquad\/","og_locale":"da_DK","og_type":"article","og_title":"Audio Squad | Kundereference | GP Last","og_description":"L\u00e6s mere om, hvad Audio Squad siger om os! Vi er stolte af at arbejde sammen med Audio Squad og hj\u00e6lpe dem med deres logistikbehov | GP-Last","og_url":"https:\/\/gplast.se\/da\/vores-kunder\/audiosquad\/","og_site_name":"GPLast","article_modified_time":"2026-04-23T13:33:31+00:00","twitter_card":"summary_large_image","twitter_misc":{"Estimeret l\u00e6setid":"5 minutter"},"schema":{"@context":"https:\/\/schema.org","@graph":[{"@type":"WebPage","@id":"https:\/\/gplast.se\/da\/vores-kunder\/audiosquad\/","url":"https:\/\/gplast.se\/da\/vores-kunder\/audiosquad\/","name":"Audio Squad | Kundereference | GP Last","isPartOf":{"@id":"https:\/\/gplast.se\/da\/#website"},"datePublished":"2023-09-21T12:36:57+00:00","dateModified":"2026-04-23T13:33:31+00:00","description":"L\u00e6s mere om, hvad Audio Squad siger om os! Vi er stolte af at arbejde sammen med Audio Squad og hj\u00e6lpe dem med deres logistikbehov | GP-Last","breadcrumb":{"@id":"https:\/\/gplast.se\/da\/vores-kunder\/audiosquad\/#breadcrumb"},"inLanguage":"da-DK","potentialAction":[{"@type":"ReadAction","target":["https:\/\/gplast.se\/da\/vores-kunder\/audiosquad\/"]}]},{"@type":"BreadcrumbList","@id":"https:\/\/gplast.se\/da\/vores-kunder\/audiosquad\/#breadcrumb","itemListElement":[{"@type":"ListItem","position":1,"name":"Hem","item":"https:\/\/gplast.se\/da\/"},{"@type":"ListItem","position":2,"name":"VORES KUNDER","item":"https:\/\/gplast.se\/da\/vores-kunder\/"},{"@type":"ListItem","position":3,"name":"AUDIOSQUAD"}]},{"@type":"WebSite","@id":"https:\/\/gplast.se\/da\/#website","url":"https:\/\/gplast.se\/da\/","name":"GPLast","description":"Ditt logistikcenter i Sk\u00e5ne","potentialAction":[{"@type":"SearchAction","target":{"@type":"EntryPoint","urlTemplate":"https:\/\/gplast.se\/da\/?s={search_term_string}"},"query-input":{"@type":"PropertyValueSpecification","valueRequired":true,"valueName":"search_term_string"}}],"inLanguage":"da-DK"}]}},"_links":{"self":[{"href":"https:\/\/gplast.se\/da\/wp-json\/wp\/v2\/pages\/4368","targetHints":{"allow":["GET"]}}],"collection":[{"href":"https:\/\/gplast.se\/da\/wp-json\/wp\/v2\/pages"}],"about":[{"href":"https:\/\/gplast.se\/da\/wp-json\/wp\/v2\/types\/page"}],"author":[{"embeddable":true,"href":"https:\/\/gplast.se\/da\/wp-json\/wp\/v2\/users\/2"}],"replies":[{"embeddable":true,"href":"https:\/\/gplast.se\/da\/wp-json\/wp\/v2\/comments?post=4368"}],"version-history":[{"count":8,"href":"https:\/\/gplast.se\/da\/wp-json\/wp\/v2\/pages\/4368\/revisions"}],"predecessor-version":[{"id":9639,"href":"https:\/\/gplast.se\/da\/wp-json\/wp\/v2\/pages\/4368\/revisions\/9639"}],"up":[{"embeddable":true,"href":"https:\/\/gplast.se\/da\/wp-json\/wp\/v2\/pages\/4170"}],"wp:attachment":[{"href":"https:\/\/gplast.se\/da\/wp-json\/wp\/v2\/media?parent=4368"}],"curies":[{"name":"wp","href":"https:\/\/api.w.org\/{rel}","templated":true}]}}