{"id":4322,"date":"2023-09-21T13:42:35","date_gmt":"2023-09-21T11:42:35","guid":{"rendered":"https:\/\/gplast.se\/?page_id=4322"},"modified":"2023-10-03T16:11:19","modified_gmt":"2023-10-03T14:11:19","slug":"winescout","status":"publish","type":"page","link":"https:\/\/gplast.se\/da\/vores-kunder\/winescout\/","title":{"rendered":"WINESCOUT"},"content":{"rendered":"<p><div class=\"fusion-fullwidth fullwidth-box fusion-builder-row-1 fusion-flex-container has-pattern-background has-mask-background fusion-parallax-none nonhundred-percent-fullwidth non-hundred-percent-height-scrolling\" style=\"--awb-border-radius-top-left:0px;--awb-border-radius-top-right:0px;--awb-border-radius-bottom-right:0px;--awb-border-radius-bottom-left:0px;--awb-padding-top:45px;--awb-background-color:#eeeeee;--awb-background-image:url(&quot;https:\/\/gplast.se\/wp-content\/uploads\/2023\/09\/header_1806x958_winescout-scaled.jpg&quot;);--awb-background-size:cover;--awb-flex-wrap:wrap;\" ><div class=\"fusion-builder-row fusion-row fusion-flex-align-items-flex-start fusion-flex-justify-content-center fusion-flex-content-wrap\" style=\"max-width:calc( 1180px + 0px );margin-left: calc(-0px \/ 2 );margin-right: calc(-0px \/ 2 );\"><div class=\"fusion-layout-column fusion_builder_column fusion-builder-column-0 fusion_builder_column_2_3 2_3 fusion-flex-column fusion-animated\" style=\"--awb-bg-size:cover;--awb-width-large:66.666666666667%;--awb-margin-top-large:85px;--awb-spacing-right-large:0px;--awb-margin-bottom-large:85px;--awb-spacing-left-large:0px;--awb-width-medium:100%;--awb-order-medium:0;--awb-spacing-right-medium:0px;--awb-spacing-left-medium:0px;--awb-width-small:100%;--awb-order-small:0;--awb-spacing-right-small:0px;--awb-spacing-left-small:0px;\" data-animationType=\"zoomIn\" data-animationDuration=\"0.9\" data-animationOffset=\"top-into-view\"><div class=\"fusion-column-wrapper fusion-column-has-shadow fusion-flex-justify-content-flex-start fusion-content-layout-column\"><div class=\"fusion-title title fusion-title-1 fusion-sep-none fusion-title-center fusion-title-text fusion-title-size-one\"><h1 class=\"fusion-title-heading title-heading-center fusion-responsive-typography-calculated\" style=\"margin:0;--fontSize:44;line-height:1.05;\"><\/h1><\/div><\/div><\/div><\/div><\/div><div class=\"fusion-fullwidth fullwidth-box fusion-builder-row-2 fusion-flex-container nonhundred-percent-fullwidth non-hundred-percent-height-scrolling\" style=\"--awb-border-radius-top-left:0px;--awb-border-radius-top-right:0px;--awb-border-radius-bottom-right:0px;--awb-border-radius-bottom-left:0px;--awb-background-color:#dcecf8;--awb-flex-wrap:wrap;\" ><div class=\"fusion-builder-row fusion-row fusion-flex-align-items-flex-start fusion-flex-content-wrap\" style=\"max-width:1227.2px;margin-left: calc(-4% \/ 2 );margin-right: calc(-4% \/ 2 );\"><div class=\"fusion-layout-column fusion_builder_column fusion-builder-column-1 fusion_builder_column_1_1 1_1 fusion-flex-column\" style=\"--awb-bg-size:cover;--awb-width-large:100%;--awb-margin-top-large:15px;--awb-spacing-right-large:1.92%;--awb-margin-bottom-large:15px;--awb-spacing-left-large:1.92%;--awb-width-medium:100%;--awb-order-medium:0;--awb-spacing-right-medium:1.92%;--awb-spacing-left-medium:1.92%;--awb-width-small:100%;--awb-order-small:0;--awb-spacing-right-small:1.92%;--awb-spacing-left-small:1.92%;\"><div class=\"fusion-column-wrapper fusion-column-has-shadow fusion-flex-justify-content-flex-start fusion-content-layout-column\"><nav class=\"fusion-breadcrumbs awb-yoast-breadcrumbs fusion-breadcrumbs-1\" style=\"--awb-margin-top:1px;--awb-margin-bottom:1px;--awb-alignment:center;--awb-breadcrumb-sep:&#039;\/&#039;;text-align:center;\" aria-label=\"Breadcrumb\"><span><span><a href=\"https:\/\/gplast.se\/da\/\">Hem<\/a><\/span><\/span><\/nav><\/div><\/div><\/div><\/div>\n<div class=\"fusion-fullwidth fullwidth-box fusion-builder-row-3 fusion-flex-container nonhundred-percent-fullwidth non-hundred-percent-height-scrolling\" style=\"--awb-border-radius-top-left:0px;--awb-border-radius-top-right:0px;--awb-border-radius-bottom-right:0px;--awb-border-radius-bottom-left:0px;--awb-padding-top:0px;--awb-padding-bottom:70px;--awb-background-color:#dcecf8;--awb-flex-wrap:wrap;\" ><div class=\"fusion-builder-row fusion-row fusion-flex-align-items-flex-start fusion-flex-content-wrap\" style=\"max-width:1227.2px;margin-left: calc(-4% \/ 2 );margin-right: calc(-4% \/ 2 );\"><div class=\"fusion-layout-column fusion_builder_column fusion-builder-column-2 fusion_builder_column_1_6 1_6 fusion-flex-column fusion-no-small-visibility\" style=\"--awb-bg-blend:overlay;--awb-bg-size:cover;--awb-width-large:16.666666666667%;--awb-margin-top-large:15px;--awb-spacing-right-large:11.52%;--awb-margin-bottom-large:15px;--awb-spacing-left-large:11.52%;--awb-width-medium:100%;--awb-spacing-right-medium:1.92%;--awb-spacing-left-medium:1.92%;--awb-width-small:100%;--awb-spacing-right-small:1.92%;--awb-spacing-left-small:1.92%;\"><div class=\"fusion-column-wrapper fusion-flex-justify-content-flex-start fusion-content-layout-column\"><\/div><\/div><div class=\"fusion-layout-column fusion_builder_column fusion-builder-column-3 fusion_builder_column_2_3 2_3 fusion-flex-column\" style=\"--awb-bg-blend:overlay;--awb-bg-size:cover;--awb-width-large:66.666666666667%;--awb-margin-top-large:20px;--awb-spacing-right-large:2.88%;--awb-margin-bottom-large:45px;--awb-spacing-left-large:2.88%;--awb-width-medium:100%;--awb-spacing-right-medium:1.92%;--awb-margin-bottom-medium:24px;--awb-spacing-left-medium:1.92%;--awb-width-small:100%;--awb-spacing-right-small:1.92%;--awb-spacing-left-small:1.92%;\"><div class=\"fusion-column-wrapper fusion-flex-justify-content-flex-start fusion-content-layout-column\"><div class=\"fusion-title title fusion-title-2 fusion-sep-none fusion-title-center fusion-title-text fusion-title-size-two\" style=\"--awb-margin-top:0px;--awb-margin-bottom:0px;\"><h2 class=\"fusion-title-heading title-heading-center fusion-responsive-typography-calculated\" style=\"margin:0;--fontSize:35;line-height:1.05;\"><h2 style=\"text-align: center;\">GP Last er superfleksible, og det er perfekt, at man kan skrue op og ned for, hvilke tjenester man hyrer dem til!<\/h2><\/h2><\/div><div class=\"fusion-separator\" style=\"align-self: center;margin-left: auto;margin-right: auto;margin-top:10px;margin-bottom:36px;width:100%;max-width:24%;\"><div class=\"fusion-separator-border sep-single\" style=\"--awb-height:20px;--awb-amount:20px;border-color:#1b263a;border-top-width:2px;\"><\/div><\/div><div class=\"fusion-text fusion-text-1\"><p>\u2013 Vi er utroligt tilfredse! For en mindre import\u00f8r med et lille budget er det perfekt at samarbejde med en s\u00e5 superfleksibel virksomhed som GP Last, siger Jim Nyman, grundl\u00e6gger af Winescout. Man kan skrue op og ned for, hvilke tjenester man hyrer dem til. Det var for eksempel ideelt at kunne holde omkostningerne nede i starten og selv g\u00e5 p\u00e5 deres lager og st\u00e5 for plukning og pakning.<\/p>\n<p>Jim Nyman, p\u00e5 Instagram ogs\u00e5 kendt som Champagneweathers, har en stor k\u00e6rlighed til champagne \u2013 is\u00e6r fra de mindre g\u00e5rde. Under hans mange rejser opstod id\u00e9en om at importere til Sverige, s\u00e5 andre champagneelskere ogs\u00e5 kunne f\u00e5 del i guldkornene.<\/p>\n<p>\u2013 Jeg inds\u00e5, at virksomheden kunne vokse hurtigere, hvis jeg blev fritaget for visse tjenester, siger Jim. Derfor startede samarbejdet med GP Last allerede et par m\u00e5neder efter jeg startede mit eget firma. Jeg fandt GP Last efter en anbefaling og i dag styrer de vores lager \u2013 de modtager leverancer og s\u00e6tter dem p\u00e5 lager, siger han.<\/p>\n<p>Jim fort\u00e6ller, at han selvf\u00f8lgelig vil anbefale GP Last til andre, og at det f\u00f8les godt at kunne tilpasse tjenesteudbuddet hos GP Last efter behov. Han siger ogs\u00e5, at han normalt altid afsl\u00e5r denne type foresp\u00f8rgsler, alts\u00e5 at v\u00e6re referenceperson.<\/p>\n<p>\u2013 Hver time er vigtig og v\u00e6rdifuld for mig, men GP Last er s\u00e5dan en dejlig virksomhed, s\u00e5 man vil gerne st\u00f8tte dem, n\u00e5r man f\u00e5r chancen.<\/p>\n<p>Da han bliver spurgt om, hvorvidt der er nogen service, han mener, GP Last mangler, fremh\u00e6ver Jim temperaturen p\u00e5 lageret. Champagne der skal opbevares i mere end et \u00e5r, i dag v\u00e6lger jeg at opbevare endnu bedre tempereret, selvom det selvf\u00f8lgelig fungerer godt, som det er i dag. Man er jo lidt af en n\u00f8rd, siger han, men nu f\u00e5r GP Last nye lokaler, s\u00e5 jeg h\u00e5ber, der bliver mulighed for at opbevare flaskerne ved en endnu mere j\u00e6vn temperatur.<\/p>\n<p>\u2013 Sammenfattende er jeg tilfreds med alt hos GP Last. Personalet er utrolig flinke, og der er en god stemning p\u00e5 virksomheden, slutter han.<\/p>\n<\/div><\/div><\/div><div class=\"fusion-layout-column fusion_builder_column fusion-builder-column-4 fusion_builder_column_1_6 1_6 fusion-flex-column fusion-no-small-visibility\" style=\"--awb-bg-blend:overlay;--awb-bg-size:cover;--awb-width-large:16.666666666667%;--awb-margin-top-large:15px;--awb-spacing-right-large:11.52%;--awb-margin-bottom-large:15px;--awb-spacing-left-large:11.52%;--awb-width-medium:100%;--awb-spacing-right-medium:1.92%;--awb-spacing-left-medium:1.92%;--awb-width-small:100%;--awb-spacing-right-small:1.92%;--awb-spacing-left-small:1.92%;\"><div class=\"fusion-column-wrapper fusion-flex-justify-content-flex-start fusion-content-layout-column\"><\/div><\/div><\/div><\/div><div class=\"fusion-fullwidth fullwidth-box fusion-builder-row-4 fusion-flex-container hundred-percent-fullwidth non-hundred-percent-height-scrolling\" style=\"--link_hover_color: rgba(68,134,166,0.56);--awb-border-radius-top-left:0px;--awb-border-radius-top-right:0px;--awb-border-radius-bottom-right:0px;--awb-border-radius-bottom-left:0px;--awb-padding-top:0px;--awb-padding-right:0px;--awb-padding-bottom:0px;--awb-padding-left:0px;--awb-margin-bottom:0px;--awb-background-color:#333645;--awb-flex-wrap:wrap;\" ><div class=\"fusion-builder-row fusion-row fusion-flex-align-items-flex-start fusion-flex-content-wrap\" style=\"width:calc( 100% + 0px ) !important;max-width:calc( 100% + 0px ) !important;margin-left: calc(-0px \/ 2 );margin-right: calc(-0px \/ 2 );\"><div class=\"fusion-layout-column fusion_builder_column fusion-builder-column-5 fusion_builder_column_1_1 1_1 fusion-flex-column\" style=\"--awb-bg-blend:overlay;--awb-bg-size:cover;--awb-width-large:100%;--awb-margin-top-large:0px;--awb-spacing-right-large:0px;--awb-margin-bottom-large:0px;--awb-spacing-left-large:0px;--awb-width-medium:100%;--awb-spacing-right-medium:0px;--awb-spacing-left-medium:0px;--awb-width-small:100%;--awb-spacing-right-small:0px;--awb-spacing-left-small:0px;\"><div class=\"fusion-column-wrapper fusion-flex-justify-content-flex-start fusion-content-layout-column\"><div class=\"fusion-separator fusion-full-width-sep\" style=\"align-self: center;margin-left: auto;margin-right: auto;margin-top:-11px;width:100%;\"><div class=\"fusion-separator-border sep-single\" style=\"--awb-height:20px;--awb-amount:20px;border-color:#1b263a;border-top-width:0px;\"><\/div><\/div><div class=\"fusion-image-carousel fusion-image-carousel-auto fusion-image-carousel-1 lightbox-enabled\"><div class=\"awb-carousel awb-swiper awb-swiper-carousel awb-carousel--carousel awb-swiper-dots-position-bottom\" data-layout=\"carousel\" data-autoplay=\"no\" data-autoplayspeed=\"2500\" data-autoplaypause=\"no\" data-columns=\"5\" data-columnsmedium=\"1\" data-columnssmall=\"1\" data-itemmargin=\"0\" data-itemwidth=\"180\" data-touchscroll=\"no\" data-freemode=\"no\" data-imagesize=\"auto\" data-scrollitems=\"0\" data-centeredslides=\"no\" data-rotationangle=\"50\" data-depth=\"100\" data-speed=\"500\" data-shadow=\"no\" data-pagination=\"bullets\" style=\"--awb-column-spacing:0px;\"><div class=\"swiper-wrapper awb-image-carousel-wrapper fusion-flex-align-items-center\"><div class=\"swiper-slide\"><div class=\"fusion-carousel-item-wrapper\"><div class=\"fusion-image-wrapper hover-type-liftup\"><a data-rel=\"iLightbox[image_carousel_1]\" data-title=\"winescout_0004\" aria-label=\"winescout_0004\" href=\"https:\/\/gplast.se\/wp-content\/uploads\/2023\/09\/winescout_0004.jpg\" target=\"_self\"><img decoding=\"async\" width=\"1000\" height=\"600\" src=\"https:\/\/gplast.se\/wp-content\/uploads\/2023\/09\/winescout_0004.jpg\" class=\"attachment-full size-full\" alt=\"\" srcset=\"https:\/\/gplast.se\/wp-content\/uploads\/2023\/09\/winescout_0004-200x120.jpg 200w, https:\/\/gplast.se\/wp-content\/uploads\/2023\/09\/winescout_0004-400x240.jpg 400w, https:\/\/gplast.se\/wp-content\/uploads\/2023\/09\/winescout_0004-600x360.jpg 600w, https:\/\/gplast.se\/wp-content\/uploads\/2023\/09\/winescout_0004-800x480.jpg 800w, https:\/\/gplast.se\/wp-content\/uploads\/2023\/09\/winescout_0004.jpg 1000w\" sizes=\"(min-width: 2200px) 100vw, (min-width: 928px) 236px, (min-width: 856px) 295px, (min-width: 784px) 393px, (min-width: 712px) 590px, (min-width: 640px) 712px, \" \/><\/a><\/div><\/div><\/div><div class=\"swiper-slide\"><div class=\"fusion-carousel-item-wrapper\"><div class=\"fusion-image-wrapper hover-type-liftup\"><a data-rel=\"iLightbox[image_carousel_1]\" data-title=\"winescout_0005\" aria-label=\"winescout_0005\" href=\"https:\/\/gplast.se\/wp-content\/uploads\/2023\/09\/winescout_0005.jpg\" target=\"_self\"><img decoding=\"async\" width=\"1000\" height=\"600\" src=\"https:\/\/gplast.se\/wp-content\/uploads\/2023\/09\/winescout_0005.jpg\" class=\"attachment-full size-full\" alt=\"\" srcset=\"https:\/\/gplast.se\/wp-content\/uploads\/2023\/09\/winescout_0005-200x120.jpg 200w, https:\/\/gplast.se\/wp-content\/uploads\/2023\/09\/winescout_0005-400x240.jpg 400w, https:\/\/gplast.se\/wp-content\/uploads\/2023\/09\/winescout_0005-600x360.jpg 600w, https:\/\/gplast.se\/wp-content\/uploads\/2023\/09\/winescout_0005-800x480.jpg 800w, https:\/\/gplast.se\/wp-content\/uploads\/2023\/09\/winescout_0005.jpg 1000w\" sizes=\"(min-width: 2200px) 100vw, (min-width: 928px) 236px, (min-width: 856px) 295px, (min-width: 784px) 393px, (min-width: 712px) 590px, (min-width: 640px) 712px, \" \/><\/a><\/div><\/div><\/div><div class=\"swiper-slide\"><div class=\"fusion-carousel-item-wrapper\"><div class=\"fusion-image-wrapper hover-type-liftup\"><a data-rel=\"iLightbox[image_carousel_1]\" data-title=\"winescout_0003\" aria-label=\"winescout_0003\" href=\"https:\/\/gplast.se\/wp-content\/uploads\/2023\/09\/winescout_0003.jpg\" target=\"_self\"><img decoding=\"async\" width=\"1000\" height=\"600\" src=\"https:\/\/gplast.se\/wp-content\/uploads\/2023\/09\/winescout_0003.jpg\" class=\"attachment-full size-full\" alt=\"\" srcset=\"https:\/\/gplast.se\/wp-content\/uploads\/2023\/09\/winescout_0003-200x120.jpg 200w, https:\/\/gplast.se\/wp-content\/uploads\/2023\/09\/winescout_0003-400x240.jpg 400w, https:\/\/gplast.se\/wp-content\/uploads\/2023\/09\/winescout_0003-600x360.jpg 600w, https:\/\/gplast.se\/wp-content\/uploads\/2023\/09\/winescout_0003-800x480.jpg 800w, https:\/\/gplast.se\/wp-content\/uploads\/2023\/09\/winescout_0003.jpg 1000w\" sizes=\"(min-width: 2200px) 100vw, (min-width: 928px) 236px, (min-width: 856px) 295px, (min-width: 784px) 393px, (min-width: 712px) 590px, (min-width: 640px) 712px, \" \/><\/a><\/div><\/div><\/div><div class=\"swiper-slide\"><div class=\"fusion-carousel-item-wrapper\"><div class=\"fusion-image-wrapper hover-type-liftup\"><a data-rel=\"iLightbox[image_carousel_1]\" data-title=\"winescout_0001\" aria-label=\"winescout_0001\" href=\"https:\/\/gplast.se\/wp-content\/uploads\/2023\/09\/winescout_0001.jpg\" target=\"_self\"><img decoding=\"async\" width=\"1000\" height=\"600\" src=\"https:\/\/gplast.se\/wp-content\/uploads\/2023\/09\/winescout_0001.jpg\" class=\"attachment-full size-full\" alt=\"\" srcset=\"https:\/\/gplast.se\/wp-content\/uploads\/2023\/09\/winescout_0001-200x120.jpg 200w, https:\/\/gplast.se\/wp-content\/uploads\/2023\/09\/winescout_0001-400x240.jpg 400w, https:\/\/gplast.se\/wp-content\/uploads\/2023\/09\/winescout_0001-600x360.jpg 600w, https:\/\/gplast.se\/wp-content\/uploads\/2023\/09\/winescout_0001-800x480.jpg 800w, https:\/\/gplast.se\/wp-content\/uploads\/2023\/09\/winescout_0001.jpg 1000w\" sizes=\"(min-width: 2200px) 100vw, (min-width: 928px) 236px, (min-width: 856px) 295px, (min-width: 784px) 393px, (min-width: 712px) 590px, (min-width: 640px) 712px, \" \/><\/a><\/div><\/div><\/div><div class=\"swiper-slide\"><div class=\"fusion-carousel-item-wrapper\"><div class=\"fusion-image-wrapper hover-type-liftup\"><a data-rel=\"iLightbox[image_carousel_1]\" data-title=\"winescout_0006\" aria-label=\"winescout_0006\" href=\"https:\/\/gplast.se\/wp-content\/uploads\/2023\/09\/winescout_0006.jpg\" target=\"_self\"><img decoding=\"async\" width=\"1000\" height=\"600\" src=\"https:\/\/gplast.se\/wp-content\/uploads\/2023\/09\/winescout_0006.jpg\" class=\"attachment-full size-full\" alt=\"\" srcset=\"https:\/\/gplast.se\/wp-content\/uploads\/2023\/09\/winescout_0006-200x120.jpg 200w, https:\/\/gplast.se\/wp-content\/uploads\/2023\/09\/winescout_0006-400x240.jpg 400w, https:\/\/gplast.se\/wp-content\/uploads\/2023\/09\/winescout_0006-600x360.jpg 600w, https:\/\/gplast.se\/wp-content\/uploads\/2023\/09\/winescout_0006-800x480.jpg 800w, https:\/\/gplast.se\/wp-content\/uploads\/2023\/09\/winescout_0006.jpg 1000w\" sizes=\"(min-width: 2200px) 100vw, (min-width: 928px) 236px, (min-width: 856px) 295px, (min-width: 784px) 393px, (min-width: 712px) 590px, (min-width: 640px) 712px, \" \/><\/a><\/div><\/div><\/div><div class=\"swiper-slide\"><div class=\"fusion-carousel-item-wrapper\"><div class=\"fusion-image-wrapper hover-type-liftup\"><a data-rel=\"iLightbox[image_carousel_1]\" data-title=\"winescout_0000\" aria-label=\"winescout_0000\" href=\"https:\/\/gplast.se\/wp-content\/uploads\/2023\/09\/winescout_0000.jpg\" target=\"_self\"><img decoding=\"async\" width=\"1000\" height=\"600\" src=\"https:\/\/gplast.se\/wp-content\/uploads\/2023\/09\/winescout_0000.jpg\" class=\"attachment-full size-full\" alt=\"\" srcset=\"https:\/\/gplast.se\/wp-content\/uploads\/2023\/09\/winescout_0000-200x120.jpg 200w, https:\/\/gplast.se\/wp-content\/uploads\/2023\/09\/winescout_0000-400x240.jpg 400w, https:\/\/gplast.se\/wp-content\/uploads\/2023\/09\/winescout_0000-600x360.jpg 600w, https:\/\/gplast.se\/wp-content\/uploads\/2023\/09\/winescout_0000-800x480.jpg 800w, https:\/\/gplast.se\/wp-content\/uploads\/2023\/09\/winescout_0000.jpg 1000w\" sizes=\"(min-width: 2200px) 100vw, (min-width: 928px) 236px, (min-width: 856px) 295px, (min-width: 784px) 393px, (min-width: 712px) 590px, (min-width: 640px) 712px, \" \/><\/a><\/div><\/div><\/div><div class=\"swiper-slide\"><div class=\"fusion-carousel-item-wrapper\"><div class=\"fusion-image-wrapper hover-type-liftup\"><a data-rel=\"iLightbox[image_carousel_1]\" data-title=\"winescout_0002\" aria-label=\"winescout_0002\" href=\"https:\/\/gplast.se\/wp-content\/uploads\/2023\/09\/winescout_0002.jpg\" target=\"_self\"><img decoding=\"async\" width=\"1000\" height=\"600\" src=\"https:\/\/gplast.se\/wp-content\/uploads\/2023\/09\/winescout_0002.jpg\" class=\"attachment-full size-full\" alt=\"\" srcset=\"https:\/\/gplast.se\/wp-content\/uploads\/2023\/09\/winescout_0002-200x120.jpg 200w, https:\/\/gplast.se\/wp-content\/uploads\/2023\/09\/winescout_0002-400x240.jpg 400w, https:\/\/gplast.se\/wp-content\/uploads\/2023\/09\/winescout_0002-600x360.jpg 600w, https:\/\/gplast.se\/wp-content\/uploads\/2023\/09\/winescout_0002-800x480.jpg 800w, https:\/\/gplast.se\/wp-content\/uploads\/2023\/09\/winescout_0002.jpg 1000w\" sizes=\"(min-width: 2200px) 100vw, (min-width: 928px) 236px, (min-width: 856px) 295px, (min-width: 784px) 393px, (min-width: 712px) 590px, (min-width: 640px) 712px, \" \/><\/a><\/div><\/div><\/div><\/div><div class=\"awb-swiper-button awb-swiper-button-prev\"><i class=\"awb-icon-angle-left\" aria-hidden=\"true\"><\/i><\/div><div class=\"awb-swiper-button awb-swiper-button-next\"><i class=\"awb-icon-angle-right\" aria-hidden=\"true\"><\/i><\/div><\/div><\/div><div class=\"fusion-separator fusion-full-width-sep\" style=\"align-self: center;margin-left: auto;margin-right: auto;margin-top:-49px;width:100%;\"><div class=\"fusion-separator-border sep-single\" style=\"--awb-height:20px;--awb-amount:20px;border-color:#1b263a;border-top-width:0px;\"><\/div><\/div><\/div><\/div><\/div><\/div><\/p>\n","protected":false},"excerpt":{"rendered":"","protected":false},"author":2,"featured_media":0,"parent":4170,"menu_order":9,"comment_status":"closed","ping_status":"closed","template":"100-width.php","meta":{"_acf_changed":false,"footnotes":""},"class_list":["post-4322","page","type-page","status-publish","hentry"],"acf":[],"yoast_head":"<!-- This site is optimized with the Yoast SEO plugin v26.7 - https:\/\/yoast.com\/wordpress\/plugins\/seo\/ -->\n<title>Kundereference: vinimport\u00f8ren Byracka Vin | GP Last<\/title>\n<meta name=\"robots\" content=\"index, follow, max-snippet:-1, max-image-preview:large, max-video-preview:-1\" \/>\n<link rel=\"canonical\" href=\"https:\/\/gplast.se\/da\/vores-kunder\/winescout\/\" \/>\n<meta property=\"og:locale\" content=\"da_DK\" \/>\n<meta property=\"og:type\" content=\"article\" \/>\n<meta property=\"og:title\" content=\"Kundereference: vinimport\u00f8ren Byracka Vin | GP Last\" \/>\n<meta property=\"og:url\" content=\"https:\/\/gplast.se\/da\/vores-kunder\/winescout\/\" \/>\n<meta property=\"og:site_name\" content=\"GPLast\" \/>\n<meta property=\"article:modified_time\" content=\"2023-10-03T14:11:19+00:00\" \/>\n<meta name=\"twitter:card\" content=\"summary_large_image\" \/>\n<meta name=\"twitter:label1\" content=\"Estimeret l\u00e6setid\" \/>\n\t<meta name=\"twitter:data1\" content=\"7 minutter\" \/>\n<!-- \/ Yoast SEO plugin. -->","yoast_head_json":{"title":"Kundereference: vinimport\u00f8ren Byracka Vin | GP Last","robots":{"index":"index","follow":"follow","max-snippet":"max-snippet:-1","max-image-preview":"max-image-preview:large","max-video-preview":"max-video-preview:-1"},"canonical":"https:\/\/gplast.se\/da\/vores-kunder\/winescout\/","og_locale":"da_DK","og_type":"article","og_title":"Kundereference: vinimport\u00f8ren Byracka Vin | GP Last","og_url":"https:\/\/gplast.se\/da\/vores-kunder\/winescout\/","og_site_name":"GPLast","article_modified_time":"2023-10-03T14:11:19+00:00","twitter_card":"summary_large_image","twitter_misc":{"Estimeret l\u00e6setid":"7 minutter"},"schema":{"@context":"https:\/\/schema.org","@graph":[{"@type":"WebPage","@id":"https:\/\/gplast.se\/da\/vores-kunder\/winescout\/","url":"https:\/\/gplast.se\/da\/vores-kunder\/winescout\/","name":"Kundereference: vinimport\u00f8ren Byracka Vin | GP Last","isPartOf":{"@id":"https:\/\/gplast.se\/da\/#website"},"datePublished":"2023-09-21T11:42:35+00:00","dateModified":"2023-10-03T14:11:19+00:00","breadcrumb":{"@id":"https:\/\/gplast.se\/da\/vores-kunder\/winescout\/#breadcrumb"},"inLanguage":"da-DK","potentialAction":[{"@type":"ReadAction","target":["https:\/\/gplast.se\/da\/vores-kunder\/winescout\/"]}]},{"@type":"BreadcrumbList","@id":"https:\/\/gplast.se\/da\/vores-kunder\/winescout\/#breadcrumb","itemListElement":[{"@type":"ListItem","position":1,"name":"Hem","item":"https:\/\/gplast.se\/da\/"},{"@type":"ListItem","position":2,"name":"VORES KUNDER","item":"https:\/\/gplast.se\/da\/vara-kunder\/"},{"@type":"ListItem","position":3,"name":"WINESCOUT"}]},{"@type":"WebSite","@id":"https:\/\/gplast.se\/da\/#website","url":"https:\/\/gplast.se\/da\/","name":"GPLast","description":"Ditt logistikcenter i Sk\u00e5ne","potentialAction":[{"@type":"SearchAction","target":{"@type":"EntryPoint","urlTemplate":"https:\/\/gplast.se\/da\/?s={search_term_string}"},"query-input":{"@type":"PropertyValueSpecification","valueRequired":true,"valueName":"search_term_string"}}],"inLanguage":"da-DK"}]}},"_links":{"self":[{"href":"https:\/\/gplast.se\/da\/wp-json\/wp\/v2\/pages\/4322","targetHints":{"allow":["GET"]}}],"collection":[{"href":"https:\/\/gplast.se\/da\/wp-json\/wp\/v2\/pages"}],"about":[{"href":"https:\/\/gplast.se\/da\/wp-json\/wp\/v2\/types\/page"}],"author":[{"embeddable":true,"href":"https:\/\/gplast.se\/da\/wp-json\/wp\/v2\/users\/2"}],"replies":[{"embeddable":true,"href":"https:\/\/gplast.se\/da\/wp-json\/wp\/v2\/comments?post=4322"}],"version-history":[{"count":6,"href":"https:\/\/gplast.se\/da\/wp-json\/wp\/v2\/pages\/4322\/revisions"}],"predecessor-version":[{"id":5007,"href":"https:\/\/gplast.se\/da\/wp-json\/wp\/v2\/pages\/4322\/revisions\/5007"}],"up":[{"embeddable":true,"href":"https:\/\/gplast.se\/da\/wp-json\/wp\/v2\/pages\/4170"}],"wp:attachment":[{"href":"https:\/\/gplast.se\/da\/wp-json\/wp\/v2\/media?parent=4322"}],"curies":[{"name":"wp","href":"https:\/\/api.w.org\/{rel}","templated":true}]}}