{"id":4181,"date":"2023-09-21T13:29:40","date_gmt":"2023-09-21T11:29:40","guid":{"rendered":"https:\/\/gplast.se\/?page_id=4181"},"modified":"2023-10-03T16:01:26","modified_gmt":"2023-10-03T14:01:26","slug":"fruktstereo","status":"publish","type":"page","link":"https:\/\/gplast.se\/da\/vores-kunder\/fruktstereo\/","title":{"rendered":"FRUKTSTEREO"},"content":{"rendered":"<p><div class=\"fusion-fullwidth fullwidth-box fusion-builder-row-1 fusion-flex-container has-pattern-background has-mask-background fusion-parallax-none nonhundred-percent-fullwidth non-hundred-percent-height-scrolling\" style=\"--awb-border-radius-top-left:0px;--awb-border-radius-top-right:0px;--awb-border-radius-bottom-right:0px;--awb-border-radius-bottom-left:0px;--awb-padding-top:45px;--awb-background-color:#eeeeee;--awb-background-image:url(&quot;https:\/\/gplast.se\/wp-content\/uploads\/2023\/09\/header_1806x958_fruktstereo-3-scaled.jpg&quot;);--awb-background-size:cover;--awb-flex-wrap:wrap;\" ><div class=\"fusion-builder-row fusion-row fusion-flex-align-items-flex-start fusion-flex-justify-content-center fusion-flex-content-wrap\" style=\"max-width:calc( 1180px + 0px );margin-left: calc(-0px \/ 2 );margin-right: calc(-0px \/ 2 );\"><div class=\"fusion-layout-column fusion_builder_column fusion-builder-column-0 fusion_builder_column_2_3 2_3 fusion-flex-column fusion-animated\" style=\"--awb-bg-size:cover;--awb-width-large:66.666666666667%;--awb-margin-top-large:85px;--awb-spacing-right-large:0px;--awb-margin-bottom-large:85px;--awb-spacing-left-large:0px;--awb-width-medium:100%;--awb-order-medium:0;--awb-spacing-right-medium:0px;--awb-spacing-left-medium:0px;--awb-width-small:100%;--awb-order-small:0;--awb-spacing-right-small:0px;--awb-spacing-left-small:0px;\" data-animationType=\"zoomIn\" data-animationDuration=\"0.9\" data-animationOffset=\"top-into-view\"><div class=\"fusion-column-wrapper fusion-column-has-shadow fusion-flex-justify-content-flex-start fusion-content-layout-column\"><div class=\"fusion-title title fusion-title-1 fusion-sep-none fusion-title-center fusion-title-text fusion-title-size-one\"><h1 class=\"fusion-title-heading title-heading-center fusion-responsive-typography-calculated\" style=\"margin:0;--fontSize:44;line-height:1.05;\"><\/h1><\/div><\/div><\/div><\/div><\/div><div class=\"fusion-fullwidth fullwidth-box fusion-builder-row-2 fusion-flex-container nonhundred-percent-fullwidth non-hundred-percent-height-scrolling\" style=\"--awb-border-radius-top-left:0px;--awb-border-radius-top-right:0px;--awb-border-radius-bottom-right:0px;--awb-border-radius-bottom-left:0px;--awb-background-color:#dcecf8;--awb-flex-wrap:wrap;\" ><div class=\"fusion-builder-row fusion-row fusion-flex-align-items-flex-start fusion-flex-content-wrap\" style=\"max-width:1227.2px;margin-left: calc(-4% \/ 2 );margin-right: calc(-4% \/ 2 );\"><div class=\"fusion-layout-column fusion_builder_column fusion-builder-column-1 fusion_builder_column_1_1 1_1 fusion-flex-column\" style=\"--awb-bg-size:cover;--awb-width-large:100%;--awb-margin-top-large:15px;--awb-spacing-right-large:1.92%;--awb-margin-bottom-large:15px;--awb-spacing-left-large:1.92%;--awb-width-medium:100%;--awb-order-medium:0;--awb-spacing-right-medium:1.92%;--awb-spacing-left-medium:1.92%;--awb-width-small:100%;--awb-order-small:0;--awb-spacing-right-small:1.92%;--awb-spacing-left-small:1.92%;\"><div class=\"fusion-column-wrapper fusion-column-has-shadow fusion-flex-justify-content-flex-start fusion-content-layout-column\"><nav class=\"fusion-breadcrumbs awb-yoast-breadcrumbs fusion-breadcrumbs-1\" style=\"--awb-margin-top:1px;--awb-margin-bottom:1px;--awb-alignment:center;--awb-breadcrumb-sep:&#039;\/&#039;;text-align:center;\" aria-label=\"Breadcrumb\"><span><span><a href=\"https:\/\/gplast.se\/da\/\">Hem<\/a><\/span><\/span><\/nav><\/div><\/div><\/div><\/div>\n<div class=\"fusion-fullwidth fullwidth-box fusion-builder-row-3 fusion-flex-container nonhundred-percent-fullwidth non-hundred-percent-height-scrolling\" style=\"--awb-border-radius-top-left:0px;--awb-border-radius-top-right:0px;--awb-border-radius-bottom-right:0px;--awb-border-radius-bottom-left:0px;--awb-padding-top:0px;--awb-padding-bottom:70px;--awb-background-color:#dcecf8;--awb-flex-wrap:wrap;\" ><div class=\"fusion-builder-row fusion-row fusion-flex-align-items-flex-start fusion-flex-content-wrap\" style=\"max-width:1227.2px;margin-left: calc(-4% \/ 2 );margin-right: calc(-4% \/ 2 );\"><div class=\"fusion-layout-column fusion_builder_column fusion-builder-column-2 fusion_builder_column_1_6 1_6 fusion-flex-column fusion-no-small-visibility\" style=\"--awb-bg-blend:overlay;--awb-bg-size:cover;--awb-width-large:16.666666666667%;--awb-margin-top-large:15px;--awb-spacing-right-large:11.52%;--awb-margin-bottom-large:15px;--awb-spacing-left-large:11.52%;--awb-width-medium:100%;--awb-spacing-right-medium:1.92%;--awb-spacing-left-medium:1.92%;--awb-width-small:100%;--awb-spacing-right-small:1.92%;--awb-spacing-left-small:1.92%;\"><div class=\"fusion-column-wrapper fusion-flex-justify-content-flex-start fusion-content-layout-column\"><\/div><\/div><div class=\"fusion-layout-column fusion_builder_column fusion-builder-column-3 fusion_builder_column_2_3 2_3 fusion-flex-column\" style=\"--awb-bg-blend:overlay;--awb-bg-size:cover;--awb-width-large:66.666666666667%;--awb-margin-top-large:20px;--awb-spacing-right-large:2.88%;--awb-margin-bottom-large:45px;--awb-spacing-left-large:2.88%;--awb-width-medium:100%;--awb-spacing-right-medium:1.92%;--awb-margin-bottom-medium:24px;--awb-spacing-left-medium:1.92%;--awb-width-small:100%;--awb-spacing-right-small:1.92%;--awb-spacing-left-small:1.92%;\"><div class=\"fusion-column-wrapper fusion-flex-justify-content-flex-start fusion-content-layout-column\"><div class=\"fusion-title title fusion-title-2 fusion-sep-none fusion-title-center fusion-title-text fusion-title-size-two\" style=\"--awb-margin-top:0px;--awb-margin-bottom:0px;\"><h2 class=\"fusion-title-heading title-heading-center fusion-responsive-typography-calculated\" style=\"margin:0;--fontSize:35;line-height:1.05;\"><h2 style=\"text-align: center;\">GP Last tager sig af vores vigtige hverdag.<br \/>\nDet er en win-win for begge!<\/h2><\/h2><\/div><div class=\"fusion-separator\" style=\"align-self: center;margin-left: auto;margin-right: auto;margin-top:10px;margin-bottom:36px;width:100%;max-width:24%;\"><div class=\"fusion-separator-border sep-single\" style=\"--awb-height:20px;--awb-amount:20px;border-color:#1b263a;border-top-width:2px;\"><\/div><\/div><div class=\"fusion-text fusion-text-1\"><p>Vi havde brug for en professionel samarbejdspartner, som kunne hj\u00e6lpe os med det, vi ikke selv havde tid til. S\u00e5 vi kunne fokusere p\u00e5 det, vi er bedst til, siger Mikael Nypelius, CEO hos Veritabel vin Fruktstereo.<\/p>\n<p>\u2013 Vi er meget, meget tilfredse med samarbejdet, forts\u00e6tter Mikael. Vi f\u00e5r en venlig og personlig service og alle hos GP Last er l\u00f8sningsorienterede. Vi har vokset sammen, da vi var en af \u200b\u200bde f\u00f8rste vinkunder. Det er en win-win for begge parter, fordi GP Last har tilpasset sig til os \u2013 og vi til dem.<\/p>\n<p>Fruktstereo er en virksomhed i Malm\u00f8, der fremstiller naturlige alkoholholdige drikkevarer, uden tils\u00e6tningsstoffer og kun \u00f8kologisk dyrkede, ikke-spr\u00f8jtede svenske produkter. Virksomheden blev grundlagt i 2016 og har siden 2017 samarbejdet med GP Last.<\/p>\n<p>\u2013 I dag administrerer GP Last lageret, bogf\u00f8rer fragt og tager sig af forskellige distributionsl\u00f8sninger for os, siger Mikael. Alt det, der h\u00f8rer til vores vigtige hverdag. N\u00e6ste skridt er, at GP Last fors\u00f8ger at styre distributionen til os i Stockholm via sin egen forsyningsk\u00e6de.<\/p>\n<p>\u2013 Det er indtil videre kun p\u00e5 pr\u00f8ve, men vi tror meget p\u00e5 at samarbejde med en mindre virksomhed, hvor man taler direkte med dem, man arbejder med, understreger Mikael. Ikke det store ukendte og anonyme &#8220;monster&#8221;, som m\u00e5ske ikke har det samme personlige engagement.<\/p>\n<p>Mikael synes, at det bedste ved GP Last er deres store engagement og gode service. Vi kender alle, der arbejder der, og det f\u00f8les godt, siger han.<\/p>\n<p>\u2013 Vi har anbefalet GP Last til alle, der har lignende behov som os. Denne branche er venlig og hj\u00e6lpsom, og folk deler gerne viden og erfaringer, siger Mikael.<\/p>\n<p>Det eneste vi mangler er, at GP Last tager sig af al logistik, helt til slutkunden, men det er vi som sagt allerede g\u00e5et i gang med. S\u00e5 selv der har de v\u00e6ret l\u00f8sningsorienterede og lydh\u00f8re. De f\u00e5r helt sikkert topkarakterer, siger Mikael afslutningsvis.<\/p>\n<\/div><\/div><\/div><div class=\"fusion-layout-column fusion_builder_column fusion-builder-column-4 fusion_builder_column_1_6 1_6 fusion-flex-column fusion-no-small-visibility\" style=\"--awb-bg-blend:overlay;--awb-bg-size:cover;--awb-width-large:16.666666666667%;--awb-margin-top-large:15px;--awb-spacing-right-large:11.52%;--awb-margin-bottom-large:15px;--awb-spacing-left-large:11.52%;--awb-width-medium:100%;--awb-spacing-right-medium:1.92%;--awb-spacing-left-medium:1.92%;--awb-width-small:100%;--awb-spacing-right-small:1.92%;--awb-spacing-left-small:1.92%;\"><div class=\"fusion-column-wrapper fusion-flex-justify-content-flex-start fusion-content-layout-column\"><\/div><\/div><\/div><\/div><div class=\"fusion-fullwidth fullwidth-box fusion-builder-row-4 fusion-flex-container hundred-percent-fullwidth non-hundred-percent-height-scrolling\" style=\"--awb-border-radius-top-left:0px;--awb-border-radius-top-right:0px;--awb-border-radius-bottom-right:0px;--awb-border-radius-bottom-left:0px;--awb-padding-top:0px;--awb-padding-right:0px;--awb-padding-bottom:0px;--awb-padding-left:0px;--awb-background-color:#333645;--awb-flex-wrap:wrap;\" ><div class=\"fusion-builder-row fusion-row fusion-flex-align-items-flex-start fusion-flex-content-wrap\" style=\"width:calc( 100% + 0px ) !important;max-width:calc( 100% + 0px ) !important;margin-left: calc(-0px \/ 2 );margin-right: calc(-0px \/ 2 );\"><\/div><\/div><\/p>\n","protected":false},"excerpt":{"rendered":"","protected":false},"author":2,"featured_media":0,"parent":4170,"menu_order":4,"comment_status":"closed","ping_status":"closed","template":"100-width.php","meta":{"_acf_changed":false,"footnotes":""},"class_list":["post-4181","page","type-page","status-publish","hentry"],"acf":[],"yoast_head":"<!-- This site is optimized with the Yoast SEO plugin v26.7 - https:\/\/yoast.com\/wordpress\/plugins\/seo\/ -->\n<title>Kundereference: vinimport\u00f8ren Byracka Vin | GP Last<\/title>\n<meta name=\"robots\" content=\"index, follow, max-snippet:-1, max-image-preview:large, max-video-preview:-1\" \/>\n<link rel=\"canonical\" href=\"https:\/\/gplast.se\/da\/vores-kunder\/fruktstereo\/\" \/>\n<meta property=\"og:locale\" content=\"da_DK\" \/>\n<meta property=\"og:type\" content=\"article\" \/>\n<meta property=\"og:title\" content=\"Kundereference: vinimport\u00f8ren Byracka Vin | GP Last\" \/>\n<meta property=\"og:url\" content=\"https:\/\/gplast.se\/da\/vores-kunder\/fruktstereo\/\" \/>\n<meta property=\"og:site_name\" content=\"GPLast\" \/>\n<meta property=\"article:modified_time\" content=\"2023-10-03T14:01:26+00:00\" \/>\n<meta name=\"twitter:card\" content=\"summary_large_image\" \/>\n<meta name=\"twitter:label1\" content=\"Estimeret l\u00e6setid\" \/>\n\t<meta name=\"twitter:data1\" content=\"6 minutter\" \/>\n<!-- \/ Yoast SEO plugin. -->","yoast_head_json":{"title":"Kundereference: vinimport\u00f8ren Byracka Vin | GP Last","robots":{"index":"index","follow":"follow","max-snippet":"max-snippet:-1","max-image-preview":"max-image-preview:large","max-video-preview":"max-video-preview:-1"},"canonical":"https:\/\/gplast.se\/da\/vores-kunder\/fruktstereo\/","og_locale":"da_DK","og_type":"article","og_title":"Kundereference: vinimport\u00f8ren Byracka Vin | GP Last","og_url":"https:\/\/gplast.se\/da\/vores-kunder\/fruktstereo\/","og_site_name":"GPLast","article_modified_time":"2023-10-03T14:01:26+00:00","twitter_card":"summary_large_image","twitter_misc":{"Estimeret l\u00e6setid":"6 minutter"},"schema":{"@context":"https:\/\/schema.org","@graph":[{"@type":"WebPage","@id":"https:\/\/gplast.se\/da\/vores-kunder\/fruktstereo\/","url":"https:\/\/gplast.se\/da\/vores-kunder\/fruktstereo\/","name":"Kundereference: vinimport\u00f8ren Byracka Vin | GP Last","isPartOf":{"@id":"https:\/\/gplast.se\/da\/#website"},"datePublished":"2023-09-21T11:29:40+00:00","dateModified":"2023-10-03T14:01:26+00:00","breadcrumb":{"@id":"https:\/\/gplast.se\/da\/vores-kunder\/fruktstereo\/#breadcrumb"},"inLanguage":"da-DK","potentialAction":[{"@type":"ReadAction","target":["https:\/\/gplast.se\/da\/vores-kunder\/fruktstereo\/"]}]},{"@type":"BreadcrumbList","@id":"https:\/\/gplast.se\/da\/vores-kunder\/fruktstereo\/#breadcrumb","itemListElement":[{"@type":"ListItem","position":1,"name":"Hem","item":"https:\/\/gplast.se\/da\/"},{"@type":"ListItem","position":2,"name":"VORES KUNDER","item":"https:\/\/gplast.se\/da\/vara-kunder\/"},{"@type":"ListItem","position":3,"name":"FRUKTSTEREO"}]},{"@type":"WebSite","@id":"https:\/\/gplast.se\/da\/#website","url":"https:\/\/gplast.se\/da\/","name":"GPLast","description":"Ditt logistikcenter i Sk\u00e5ne","potentialAction":[{"@type":"SearchAction","target":{"@type":"EntryPoint","urlTemplate":"https:\/\/gplast.se\/da\/?s={search_term_string}"},"query-input":{"@type":"PropertyValueSpecification","valueRequired":true,"valueName":"search_term_string"}}],"inLanguage":"da-DK"}]}},"_links":{"self":[{"href":"https:\/\/gplast.se\/da\/wp-json\/wp\/v2\/pages\/4181","targetHints":{"allow":["GET"]}}],"collection":[{"href":"https:\/\/gplast.se\/da\/wp-json\/wp\/v2\/pages"}],"about":[{"href":"https:\/\/gplast.se\/da\/wp-json\/wp\/v2\/types\/page"}],"author":[{"embeddable":true,"href":"https:\/\/gplast.se\/da\/wp-json\/wp\/v2\/users\/2"}],"replies":[{"embeddable":true,"href":"https:\/\/gplast.se\/da\/wp-json\/wp\/v2\/comments?post=4181"}],"version-history":[{"count":7,"href":"https:\/\/gplast.se\/da\/wp-json\/wp\/v2\/pages\/4181\/revisions"}],"predecessor-version":[{"id":4994,"href":"https:\/\/gplast.se\/da\/wp-json\/wp\/v2\/pages\/4181\/revisions\/4994"}],"up":[{"embeddable":true,"href":"https:\/\/gplast.se\/da\/wp-json\/wp\/v2\/pages\/4170"}],"wp:attachment":[{"href":"https:\/\/gplast.se\/da\/wp-json\/wp\/v2\/media?parent=4181"}],"curies":[{"name":"wp","href":"https:\/\/api.w.org\/{rel}","templated":true}]}}