{"id":4076,"date":"2021-02-11T10:26:42","date_gmt":"2021-02-11T09:26:42","guid":{"rendered":"https:\/\/gplast.se\/tredjepartslogistik\/vores-lagerlokaler\/"},"modified":"2026-04-27T11:32:33","modified_gmt":"2026-04-27T09:32:33","slug":"lagerbygninger","status":"publish","type":"page","link":"https:\/\/gplast.se\/da\/lagerbygninger\/","title":{"rendered":"LAGERLOKALER"},"content":{"rendered":"<p><div class=\"fusion-fullwidth fullwidth-box fusion-builder-row-1 fusion-flex-container has-pattern-background has-mask-background fusion-parallax-none nonhundred-percent-fullwidth non-hundred-percent-height-scrolling\" style=\"--awb-border-radius-top-left:0px;--awb-border-radius-top-right:0px;--awb-border-radius-bottom-right:0px;--awb-border-radius-bottom-left:0px;--awb-background-color:#eeeeee;--awb-background-image:url(&quot;https:\/\/gplast.se\/wp-content\/uploads\/2024\/01\/1806x958_headerlager_2024.jpg&quot;);--awb-background-size:cover;--awb-flex-wrap:wrap;\" ><div class=\"fusion-builder-row fusion-row fusion-flex-align-items-flex-start fusion-flex-justify-content-center fusion-flex-content-wrap\" style=\"max-width:calc( 1180px + 0px );margin-left: calc(-0px \/ 2 );margin-right: calc(-0px \/ 2 );\"><div class=\"fusion-layout-column fusion_builder_column fusion-builder-column-0 fusion_builder_column_2_3 2_3 fusion-flex-column fusion-animated\" style=\"--awb-bg-size:cover;--awb-width-large:66.666666666667%;--awb-margin-top-large:300px;--awb-spacing-right-large:0px;--awb-margin-bottom-large:300px;--awb-spacing-left-large:0px;--awb-width-medium:100%;--awb-order-medium:0;--awb-spacing-right-medium:0px;--awb-spacing-left-medium:0px;--awb-width-small:100%;--awb-order-small:0;--awb-spacing-right-small:0px;--awb-spacing-left-small:0px;\" data-animationType=\"zoomIn\" data-animationDuration=\"0.9\" data-animationOffset=\"top-into-view\"><div class=\"fusion-column-wrapper fusion-column-has-shadow fusion-flex-justify-content-flex-start fusion-content-layout-column\"><\/div><\/div><\/div><\/div><div class=\"fusion-fullwidth fullwidth-box fusion-builder-row-2 fusion-flex-container nonhundred-percent-fullwidth non-hundred-percent-height-scrolling\" style=\"--awb-border-radius-top-left:0px;--awb-border-radius-top-right:0px;--awb-border-radius-bottom-right:0px;--awb-border-radius-bottom-left:0px;--awb-background-color:#dcecf8;--awb-flex-wrap:wrap;\" ><div class=\"fusion-builder-row fusion-row fusion-flex-align-items-flex-start fusion-flex-content-wrap\" style=\"max-width:1227.2px;margin-left: calc(-4% \/ 2 );margin-right: calc(-4% \/ 2 );\"><div class=\"fusion-layout-column fusion_builder_column fusion-builder-column-1 fusion_builder_column_1_1 1_1 fusion-flex-column\" style=\"--awb-bg-size:cover;--awb-width-large:100%;--awb-margin-top-large:15px;--awb-spacing-right-large:1.92%;--awb-margin-bottom-large:15px;--awb-spacing-left-large:1.92%;--awb-width-medium:100%;--awb-order-medium:0;--awb-spacing-right-medium:1.92%;--awb-spacing-left-medium:1.92%;--awb-width-small:100%;--awb-order-small:0;--awb-spacing-right-small:1.92%;--awb-spacing-left-small:1.92%;\"><div class=\"fusion-column-wrapper fusion-column-has-shadow fusion-flex-justify-content-flex-start fusion-content-layout-column\"><nav class=\"fusion-breadcrumbs awb-yoast-breadcrumbs fusion-breadcrumbs-1\" style=\"--awb-margin-top:1px;--awb-margin-bottom:1px;--awb-alignment:center;--awb-breadcrumb-sep:&#039;\/&#039;;text-align:center;\" aria-label=\"Breadcrumb\"><span><span><a href=\"https:\/\/gplast.se\/da\/\">Hem<\/a><\/span><\/span><\/nav><\/div><\/div><\/div><\/div>\n<div class=\"fusion-fullwidth fullwidth-box fusion-builder-row-3 fusion-flex-container has-pattern-background has-mask-background nonhundred-percent-fullwidth non-hundred-percent-height-scrolling\" style=\"--awb-border-radius-top-left:0px;--awb-border-radius-top-right:0px;--awb-border-radius-bottom-right:0px;--awb-border-radius-bottom-left:0px;--awb-padding-top:0px;--awb-padding-bottom:0px;--awb-background-color:#dcecf8;--awb-flex-wrap:wrap;\" ><div class=\"fusion-builder-row fusion-row fusion-flex-align-items-flex-start fusion-flex-content-wrap\" style=\"max-width:1227.2px;margin-left: calc(-4% \/ 2 );margin-right: calc(-4% \/ 2 );\"><div class=\"fusion-layout-column fusion_builder_column fusion-builder-column-2 fusion_builder_column_1_6 1_6 fusion-flex-column fusion-no-small-visibility\" style=\"--awb-bg-blend:overlay;--awb-bg-size:cover;--awb-width-large:16.666666666667%;--awb-margin-top-large:15px;--awb-spacing-right-large:11.52%;--awb-margin-bottom-large:15px;--awb-spacing-left-large:11.52%;--awb-width-medium:100%;--awb-spacing-right-medium:1.92%;--awb-spacing-left-medium:1.92%;--awb-width-small:100%;--awb-spacing-right-small:1.92%;--awb-spacing-left-small:1.92%;\"><div class=\"fusion-column-wrapper fusion-flex-justify-content-flex-start fusion-content-layout-column\"><\/div><\/div><div class=\"fusion-layout-column fusion_builder_column fusion-builder-column-3 fusion_builder_column_2_3 2_3 fusion-flex-column\" style=\"--awb-bg-size:cover;--awb-width-large:66.666666666667%;--awb-margin-top-large:45px;--awb-spacing-right-large:2.88%;--awb-margin-bottom-large:45px;--awb-spacing-left-large:2.88%;--awb-width-medium:100%;--awb-order-medium:0;--awb-spacing-right-medium:1.92%;--awb-margin-bottom-medium:24px;--awb-spacing-left-medium:1.92%;--awb-width-small:100%;--awb-order-small:0;--awb-spacing-right-small:1.92%;--awb-spacing-left-small:1.92%;\"><div class=\"fusion-column-wrapper fusion-column-has-shadow fusion-flex-justify-content-flex-start fusion-content-layout-column\"><div class=\"fusion-text fusion-text-1\"><h1 style=\"text-align: center;\"><span style=\"font-weight: 400;\">Lagerlokaler i Malm\u00f6 og Sk\u00e5ne<\/span><\/h1>\n<h1 style=\"text-align: center;\"><\/h1>\n<\/div><div class=\"fusion-separator\" style=\"align-self: center;margin-left: auto;margin-right: auto;margin-top:10px;margin-bottom:36px;width:100%;max-width:24%;\"><div class=\"fusion-separator-border sep-single\" style=\"--awb-height:20px;--awb-amount:20px;border-color:#1b263a;border-top-width:2px;\"><\/div><\/div><div class=\"fusion-text fusion-text-2\" style=\"--awb-content-alignment:center;\"><h2 style=\"text-align: center;\">V\u00e6lg lagerlokaler med sikker og effektiv logistik!<\/h2>\n<p><span style=\"font-weight: 400;\">GP LastVi tilbyder lagerlokaler i Malm\u00f6 og Sk\u00e5ne, der er tilpasset virksomheder med behov for fleksibel og skalerbar lagerkapacitet. Uanset om I s\u00f8ger et lager i Malm\u00f6 til e-handelsprodukter eller st\u00f8rre lagerlokaler i Sk\u00e5ne til industri og grossistvirksomhed, kanGP Lastvi tilbyde den rigtige l\u00f8sning. Vores lokaler integreres med fuld 3PL-service \u2013 s\u00e5 I slipper for at h\u00e5ndtere drift, personale og teknik p\u00e5 egen h\u00e5nd.<\/span><\/p>\n<p style=\"text-align: left;\">HosGP Last  har vi moderne og fleksible lagerlokaler, som vi gerne tilpasser til de behov, du har i din virksomhed. Vores logistikcenter tilbyder i alt 10.000 m\u00b2 lagerareal med en lofth\u00f8jde p\u00e5 11 meter, og vi er strategisk placeret i Malm\u00f6 med t\u00e6t adgang til vigtige transportveje og markeder, is\u00e6r for import og eksport i det sydlige Sverige. Lagerlokalernes h\u00f8je sikkerhedsniveau og mulighederne for specialtilpasninger giver optimale foruds\u00e6tninger for din virksomheds lagerstyring og logistik.<\/p>\n<h2 style=\"text-align: left;\">Vi tilpasser lagerlokalerne til din virksomhed<\/h2>\n<p style=\"text-align: left;\">Personlig service er vores prim\u00e6re fokus, og vi skr\u00e6ddersyr gerne lagerl\u00f8sningerne efter dine behov som kunde. De st\u00f8rste fordele ved vores lagerlokaler er, som n\u00e6vnt, den strategiske beliggenhed, den store fleksibilitet i at kunne h\u00e5ndtere b\u00e5de sm\u00e5 og store m\u00e6ngder samt sikkerhed i topklasse. Vi har kameraoverv\u00e5gning og adgangskontrol til et lille, betroet personale. Sammen med en brand- og indbrudsalarm, der er direkte forbundet d\u00f8gnet rundt til et sikkerhedsfirma, skaber vi tryghed for vores kunder. Lagerhallerne har vejrbestandige porte, der giver mulighed for at laste og losse gods uden ydre p\u00e5virkning p\u00e5 gods og emballage, og hallerne er temperaturregulerede og holder omkring 18 grader \u00e5ret rundt.<\/p>\n<p style=\"text-align: left;\"><strong>Vi har f\u00f8lgende typer lagerlokaler:<\/strong><\/p>\n<p style=\"text-align: left;\"><strong>Bredgangslager<\/strong> \u2013 til smidig h\u00e5ndtering af store m\u00e6ngder.<\/p>\n<p style=\"text-align: left;\"><strong>Smalt ganglager<\/strong> \u2013 opbevaring med optimal udnyttelse af pladsen.<\/p>\n<p style=\"text-align: left;\"><strong>Mellemstue (mellemliggende etage)<\/strong> \u2013 perfekt til e-handel, hvor man hurtigt skal have adgang til sine produkter.<\/p>\n<p style=\"text-align: left;\"><strong>Lager til farligt gods<\/strong> \u2013 sikker h\u00e5ndtering i henhold til g\u00e6ldende regler.<\/p>\n<p style=\"text-align: left;\"><a href=\"https:\/\/gplast.se\/da\/vores-kunder\/\"><strong><span style=\"color: #f3ca40;\">L\u00e6s mere om, hvad vores kunder synes om vores lagerl\u00f8sninger!<\/span><\/strong><\/a><\/p>\n<h3 style=\"text-align: left;\">Derfor skal du v\u00e6lge GP Lastvores lagerlokaler<\/h3>\n<p style=\"text-align: left;\">Vores lokaler er designet til at im\u00f8dekomme dine behov, uanset om du har brug for et midlertidigt lager eller en l\u00f8sning p\u00e5 l\u00e6ngere sigt. Uanset om du har brug for stor eller lille lagerplads. Hos os kan du desuden tilpasse lagerpladsen og skalere op eller ned, n\u00e5r behovene \u00e6ndrer sig. Sikkerheden hos os er h\u00f8j. Vi tilbyder beskyttelse mod tyveri, brand og skadedyr samt overv\u00e5gning d\u00f8gnet rundt. Noget andet, der ligger os meget p\u00e5 sinde, er b\u00e6redygtighed. Derfor har vi satset p\u00e5 energieffektive l\u00f8sninger i form af solenergi.<\/p>\n<p style=\"text-align: left;\">Leder du efter et lagerlokale, der passer til din virksomhed?<br \/>\n<a href=\"https:\/\/gplast.se\/da\/kontakt\/\"><span style=\"color: #f3ca40;\"><strong>Kontakt os i dag og find ud af, hvordan vi kan hj\u00e6lpe dig!<\/strong><\/span><\/a><\/p>\n<\/div><\/div><\/div><div class=\"fusion-layout-column fusion_builder_column fusion-builder-column-4 fusion_builder_column_1_6 1_6 fusion-flex-column fusion-no-small-visibility\" style=\"--awb-bg-blend:overlay;--awb-bg-size:cover;--awb-width-large:16.666666666667%;--awb-margin-top-large:15px;--awb-spacing-right-large:11.52%;--awb-margin-bottom-large:15px;--awb-spacing-left-large:11.52%;--awb-width-medium:100%;--awb-spacing-right-medium:1.92%;--awb-spacing-left-medium:1.92%;--awb-width-small:100%;--awb-spacing-right-small:1.92%;--awb-spacing-left-small:1.92%;\"><div class=\"fusion-column-wrapper fusion-flex-justify-content-flex-start fusion-content-layout-column\"><\/div><\/div><\/div><\/div><div class=\"fusion-fullwidth fullwidth-box fusion-builder-row-4 fusion-flex-container has-pattern-background has-mask-background nonhundred-percent-fullwidth non-hundred-percent-height-scrolling\" style=\"--awb-border-radius-top-left:0px;--awb-border-radius-top-right:0px;--awb-border-radius-bottom-right:0px;--awb-border-radius-bottom-left:0px;--awb-padding-top:15px;--awb-padding-bottom:20px;--awb-background-color:#1b263a;--awb-flex-wrap:wrap;\" ><div class=\"fusion-builder-row fusion-row fusion-flex-align-items-stretch fusion-flex-content-wrap\" style=\"max-width:1227.2px;margin-left: calc(-4% \/ 2 );margin-right: calc(-4% \/ 2 );\"><div class=\"fusion-layout-column fusion_builder_column fusion-builder-column-5 fusion_builder_column_1_1 1_1 fusion-flex-column fusion-animated\" style=\"--awb-bg-blend:overlay;--awb-bg-size:cover;--awb-width-large:100%;--awb-margin-top-large:15px;--awb-spacing-right-large:1.92%;--awb-margin-bottom-large:15px;--awb-spacing-left-large:1.92%;--awb-width-medium:100%;--awb-spacing-right-medium:1.92%;--awb-spacing-left-medium:1.92%;--awb-width-small:100%;--awb-spacing-right-small:1.92%;--awb-spacing-left-small:1.92%;\" data-animationType=\"slideInLeft\" data-animationDuration=\"0.9\" data-animationOffset=\"top-into-view\"><div class=\"fusion-column-wrapper fusion-flex-justify-content-center fusion-content-layout-column\"><div class=\"fusion-text fusion-text-3\"><div class=\"fusion-column-wrapper fusion-flex-justify-content-center fusion-content-layout-column\">\n<h3 style=\"text-align: center;\"><span style=\"color: #ffffff;\">Ofte stillede sp\u00f8rgsm\u00e5l om lagerlokaler<\/span><\/h3>\n<div class=\"fusion-text fusion-text-8\">\n<p style=\"text-align: center;\"><span style=\"color: #ffffff;\">Nedenfor besvarer vi de mest almindelige sp\u00f8rgsm\u00e5l om vores lokaler og om lagerlokaler generelt:<\/span><\/p>\n<\/div>\n<\/div>\n<\/div><\/div><\/div><\/div><\/div><div class=\"fusion-fullwidth fullwidth-box fusion-builder-row-5 fusion-flex-container has-pattern-background has-mask-background nonhundred-percent-fullwidth non-hundred-percent-height-scrolling\" style=\"--awb-border-radius-top-left:0px;--awb-border-radius-top-right:0px;--awb-border-radius-bottom-right:0px;--awb-border-radius-bottom-left:0px;--awb-padding-right:4%;--awb-padding-left:4%;--awb-background-color:var(--awb-custom17);--awb-flex-wrap:wrap;\" ><div class=\"fusion-builder-row fusion-row fusion-flex-align-items-flex-start fusion-flex-content-wrap\" style=\"max-width:1227.2px;margin-left: calc(-4% \/ 2 );margin-right: calc(-4% \/ 2 );\"><div class=\"fusion-layout-column fusion_builder_column fusion-builder-column-6 fusion_builder_column_1_6 1_6 fusion-flex-column\" style=\"--awb-bg-size:cover;--awb-width-large:16.666666666667%;--awb-margin-top-large:15px;--awb-spacing-right-large:11.52%;--awb-margin-bottom-large:15px;--awb-spacing-left-large:11.52%;--awb-width-medium:100%;--awb-order-medium:0;--awb-spacing-right-medium:1.92%;--awb-spacing-left-medium:1.92%;--awb-width-small:100%;--awb-order-small:0;--awb-spacing-right-small:1.92%;--awb-spacing-left-small:1.92%;\"><div class=\"fusion-column-wrapper fusion-column-has-shadow fusion-flex-justify-content-flex-start fusion-content-layout-column\"><\/div><\/div><div class=\"fusion-layout-column fusion_builder_column fusion-builder-column-7 fusion_builder_column_2_3 2_3 fusion-flex-column\" style=\"--awb-bg-size:cover;--awb-width-large:66.666666666667%;--awb-margin-top-large:15px;--awb-spacing-right-large:2.88%;--awb-margin-bottom-large:15px;--awb-spacing-left-large:2.88%;--awb-width-medium:100%;--awb-order-medium:0;--awb-spacing-right-medium:1.92%;--awb-spacing-left-medium:1.92%;--awb-width-small:100%;--awb-order-small:0;--awb-spacing-right-small:1.92%;--awb-spacing-left-small:1.92%;\"><div class=\"fusion-column-wrapper fusion-column-has-shadow fusion-flex-justify-content-flex-start fusion-content-layout-column\"><\/div><\/div><div class=\"fusion-layout-column fusion_builder_column fusion-builder-column-8 fusion_builder_column_1_6 1_6 fusion-flex-column\" style=\"--awb-bg-size:cover;--awb-width-large:16.666666666667%;--awb-margin-top-large:15px;--awb-spacing-right-large:11.52%;--awb-margin-bottom-large:15px;--awb-spacing-left-large:11.52%;--awb-width-medium:100%;--awb-order-medium:0;--awb-spacing-right-medium:1.92%;--awb-spacing-left-medium:1.92%;--awb-width-small:100%;--awb-order-small:0;--awb-spacing-right-small:1.92%;--awb-spacing-left-small:1.92%;\"><div class=\"fusion-column-wrapper fusion-column-has-shadow fusion-flex-justify-content-flex-start fusion-content-layout-column\"><\/div><\/div><\/div><\/div><div class=\"fusion-fullwidth fullwidth-box fusion-builder-row-6 fusion-flex-container has-pattern-background has-mask-background nonhundred-percent-fullwidth non-hundred-percent-height-scrolling\" style=\"--awb-border-radius-top-left:0px;--awb-border-radius-top-right:0px;--awb-border-radius-bottom-right:0px;--awb-border-radius-bottom-left:0px;--awb-background-color:#dcecf8;--awb-flex-wrap:wrap;\" ><div class=\"fusion-builder-row fusion-row fusion-flex-align-items-flex-start fusion-flex-content-wrap\" style=\"max-width:1227.2px;margin-left: calc(-4% \/ 2 );margin-right: calc(-4% \/ 2 );\"><div class=\"fusion-layout-column fusion_builder_column fusion-builder-column-9 fusion_builder_column_1_6 1_6 fusion-flex-column\" style=\"--awb-bg-size:cover;--awb-width-large:16.666666666667%;--awb-margin-top-large:15px;--awb-spacing-right-large:11.52%;--awb-margin-bottom-large:15px;--awb-spacing-left-large:11.52%;--awb-width-medium:100%;--awb-order-medium:0;--awb-spacing-right-medium:1.92%;--awb-spacing-left-medium:1.92%;--awb-width-small:100%;--awb-order-small:0;--awb-spacing-right-small:1.92%;--awb-spacing-left-small:1.92%;\"><div class=\"fusion-column-wrapper fusion-column-has-shadow fusion-flex-justify-content-flex-start fusion-content-layout-column\"><\/div><\/div><div class=\"fusion-layout-column fusion_builder_column fusion-builder-column-10 fusion_builder_column_2_3 2_3 fusion-flex-column\" style=\"--awb-bg-size:cover;--awb-width-large:66.666666666667%;--awb-margin-top-large:15px;--awb-spacing-right-large:2.88%;--awb-margin-bottom-large:15px;--awb-spacing-left-large:2.88%;--awb-width-medium:100%;--awb-order-medium:0;--awb-spacing-right-medium:1.92%;--awb-spacing-left-medium:1.92%;--awb-width-small:100%;--awb-order-small:0;--awb-spacing-right-small:1.92%;--awb-spacing-left-small:1.92%;\"><div class=\"fusion-column-wrapper fusion-column-has-shadow fusion-flex-justify-content-flex-start fusion-content-layout-column\"><div class=\"fusion-text fusion-text-4\" style=\"--awb-content-alignment:center;--awb-margin-top:3%;\"><p style=\"text-align: left;\"><a href=\"https:\/\/gplast.se\/da\/kontakt\/\"><span style=\"color: #f3ca40;\"><strong>Kontakt os, hvis du har flere sp\u00f8rgsm\u00e5l eller gerne vil komme forbi og se vores lagerlokaler.<\/strong><\/span><\/a><br \/>\n<span style=\"color: #f3ca40;\"><strong>Vi gl\u00e6der os til at hj\u00e6lpe din virksomhed med at vokse!\u00a0<\/strong><\/span><\/p>\n<\/div><\/div><\/div><div class=\"fusion-layout-column fusion_builder_column fusion-builder-column-11 fusion_builder_column_1_6 1_6 fusion-flex-column\" style=\"--awb-bg-size:cover;--awb-width-large:16.666666666667%;--awb-margin-top-large:15px;--awb-spacing-right-large:11.52%;--awb-margin-bottom-large:15px;--awb-spacing-left-large:11.52%;--awb-width-medium:100%;--awb-order-medium:0;--awb-spacing-right-medium:1.92%;--awb-spacing-left-medium:1.92%;--awb-width-small:100%;--awb-order-small:0;--awb-spacing-right-small:1.92%;--awb-spacing-left-small:1.92%;\"><div class=\"fusion-column-wrapper fusion-column-has-shadow fusion-flex-justify-content-flex-start fusion-content-layout-column\"><\/div><\/div><\/div><\/div><div class=\"fusion-fullwidth fullwidth-box fusion-builder-row-7 fusion-flex-container nonhundred-percent-fullwidth non-hundred-percent-height-scrolling\" style=\"--awb-border-radius-top-left:0px;--awb-border-radius-top-right:0px;--awb-border-radius-bottom-right:0px;--awb-border-radius-bottom-left:0px;--awb-padding-top:20px;--awb-padding-bottom:25px;--awb-background-color:#6e732e;--awb-flex-wrap:wrap;\" ><div class=\"fusion-builder-row fusion-row fusion-flex-align-items-stretch fusion-flex-content-wrap\" style=\"max-width:1227.2px;margin-left: calc(-4% \/ 2 );margin-right: calc(-4% \/ 2 );\"><div class=\"fusion-layout-column fusion_builder_column fusion-builder-column-12 fusion_builder_column_1_1 1_1 fusion-flex-column fusion-animated\" style=\"--awb-bg-blend:overlay;--awb-bg-size:cover;--awb-width-large:100%;--awb-margin-top-large:15px;--awb-spacing-right-large:1.92%;--awb-margin-bottom-large:15px;--awb-spacing-left-large:1.92%;--awb-width-medium:100%;--awb-spacing-right-medium:1.92%;--awb-spacing-left-medium:1.92%;--awb-width-small:100%;--awb-spacing-right-small:1.92%;--awb-spacing-left-small:1.92%;\" data-animationType=\"slideInLeft\" data-animationDuration=\"0.9\" data-animationOffset=\"top-into-view\"><div class=\"fusion-column-wrapper fusion-flex-justify-content-center fusion-content-layout-column\"><div class=\"fusion-text fusion-text-5\"><div class=\"fusion-column-wrapper fusion-flex-justify-content-center fusion-content-layout-column\">\n<p>&nbsp;<\/p>\n<div class=\"fusion-text fusion-text-8\">\n<p style=\"text-align: center;\"><span style=\"color: #ffffff;\">\u00d8nsker du et tilbud, der er skr\u00e6ddersyet til netop dit lagerbehov?<\/span><\/p>\n<h3 style=\"text-align: center;\"><span style=\"color: #ffffff;\">Ring til os p\u00e5 <a style=\"color: #ffffff;\" href=\"tel:+46708681711\">0708-68 17 11<\/a> eller <a style=\"color: #ffffff;\" href=\"https:\/\/gplast.se\/da\/kontakt\/\">klik her<\/a>.<\/span><\/h3>\n<\/div>\n<\/div>\n<\/div><\/div><\/div><\/div><\/div><\/p>\n","protected":false},"excerpt":{"rendered":"","protected":false},"author":2,"featured_media":0,"parent":0,"menu_order":3,"comment_status":"closed","ping_status":"closed","template":"100-width.php","meta":{"_acf_changed":false,"footnotes":""},"class_list":["post-4076","page","type-page","status-publish","hentry"],"acf":[],"yoast_head":"<!-- This site is optimized with the Yoast SEO plugin v26.7 - https:\/\/yoast.com\/wordpress\/plugins\/seo\/ -->\n<title>Lager i Malm\u00f6 \u2013 Lej lagerlokaler centralt i Sk\u00e5ne | GP Last<\/title>\n<meta name=\"description\" content=\"Leder du efter et lagerlokale i Sk\u00e5ne?GP Last Vi tilbyder fleksible lagerlokaler med fuld 3PL-service \u2013 tilpasset netop jeres virksomheds behov.\" \/>\n<meta name=\"robots\" content=\"index, follow, max-snippet:-1, max-image-preview:large, max-video-preview:-1\" \/>\n<link rel=\"canonical\" href=\"https:\/\/gplast.se\/da\/lagerbygninger\/\" \/>\n<meta property=\"og:locale\" content=\"da_DK\" \/>\n<meta property=\"og:type\" content=\"article\" \/>\n<meta property=\"og:title\" content=\"Lager i Malm\u00f6 \u2013 Lej lagerlokaler centralt i Sk\u00e5ne | GP Last\" \/>\n<meta property=\"og:description\" content=\"Leder du efter et lagerlokale i Sk\u00e5ne?GP Last Vi tilbyder fleksible lagerlokaler med fuld 3PL-service \u2013 tilpasset netop jeres virksomheds behov.\" \/>\n<meta property=\"og:url\" content=\"https:\/\/gplast.se\/da\/lagerbygninger\/\" \/>\n<meta property=\"og:site_name\" content=\"GPLast\" \/>\n<meta property=\"article:modified_time\" content=\"2026-04-27T09:32:33+00:00\" \/>\n<meta name=\"twitter:card\" content=\"summary_large_image\" \/>\n<meta name=\"twitter:label1\" content=\"Estimeret l\u00e6setid\" \/>\n\t<meta name=\"twitter:data1\" content=\"3 minutter\" \/>\n<!-- \/ Yoast SEO plugin. -->","yoast_head_json":{"title":"Lager i Malm\u00f6 \u2013 Lej lagerlokaler centralt i Sk\u00e5ne | GP Last","description":"Leder du efter et lagerlokale i Sk\u00e5ne?GP Last Vi tilbyder fleksible lagerlokaler med fuld 3PL-service \u2013 tilpasset netop jeres virksomheds behov.","robots":{"index":"index","follow":"follow","max-snippet":"max-snippet:-1","max-image-preview":"max-image-preview:large","max-video-preview":"max-video-preview:-1"},"canonical":"https:\/\/gplast.se\/da\/lagerbygninger\/","og_locale":"da_DK","og_type":"article","og_title":"Lager i Malm\u00f6 \u2013 Lej lagerlokaler centralt i Sk\u00e5ne | GP Last","og_description":"Leder du efter et lagerlokale i Sk\u00e5ne?GP Last Vi tilbyder fleksible lagerlokaler med fuld 3PL-service \u2013 tilpasset netop jeres virksomheds behov.","og_url":"https:\/\/gplast.se\/da\/lagerbygninger\/","og_site_name":"GPLast","article_modified_time":"2026-04-27T09:32:33+00:00","twitter_card":"summary_large_image","twitter_misc":{"Estimeret l\u00e6setid":"3 minutter"},"schema":{"@context":"https:\/\/schema.org","@graph":[{"@type":"WebPage","@id":"https:\/\/gplast.se\/da\/lagerbygninger\/","url":"https:\/\/gplast.se\/da\/lagerbygninger\/","name":"Lager i Malm\u00f6 \u2013 Lej lagerlokaler centralt i Sk\u00e5ne | GP Last","isPartOf":{"@id":"https:\/\/gplast.se\/da\/#website"},"datePublished":"2021-02-11T09:26:42+00:00","dateModified":"2026-04-27T09:32:33+00:00","description":"Leder du efter et lagerlokale i Sk\u00e5ne?GP Last Vi tilbyder fleksible lagerlokaler med fuld 3PL-service \u2013 tilpasset netop jeres virksomheds behov.","breadcrumb":{"@id":"https:\/\/gplast.se\/da\/lagerbygninger\/#breadcrumb"},"inLanguage":"da-DK","potentialAction":[{"@type":"ReadAction","target":["https:\/\/gplast.se\/da\/lagerbygninger\/"]}]},{"@type":"BreadcrumbList","@id":"https:\/\/gplast.se\/da\/lagerbygninger\/#breadcrumb","itemListElement":[{"@type":"ListItem","position":1,"name":"Hem","item":"https:\/\/gplast.se\/da\/"},{"@type":"ListItem","position":2,"name":"LAGERLOKALER"}]},{"@type":"WebSite","@id":"https:\/\/gplast.se\/da\/#website","url":"https:\/\/gplast.se\/da\/","name":"GPLast","description":"Ditt logistikcenter i Sk\u00e5ne","potentialAction":[{"@type":"SearchAction","target":{"@type":"EntryPoint","urlTemplate":"https:\/\/gplast.se\/da\/?s={search_term_string}"},"query-input":{"@type":"PropertyValueSpecification","valueRequired":true,"valueName":"search_term_string"}}],"inLanguage":"da-DK"}]}},"_links":{"self":[{"href":"https:\/\/gplast.se\/da\/wp-json\/wp\/v2\/pages\/4076","targetHints":{"allow":["GET"]}}],"collection":[{"href":"https:\/\/gplast.se\/da\/wp-json\/wp\/v2\/pages"}],"about":[{"href":"https:\/\/gplast.se\/da\/wp-json\/wp\/v2\/types\/page"}],"author":[{"embeddable":true,"href":"https:\/\/gplast.se\/da\/wp-json\/wp\/v2\/users\/2"}],"replies":[{"embeddable":true,"href":"https:\/\/gplast.se\/da\/wp-json\/wp\/v2\/comments?post=4076"}],"version-history":[{"count":36,"href":"https:\/\/gplast.se\/da\/wp-json\/wp\/v2\/pages\/4076\/revisions"}],"predecessor-version":[{"id":9826,"href":"https:\/\/gplast.se\/da\/wp-json\/wp\/v2\/pages\/4076\/revisions\/9826"}],"wp:attachment":[{"href":"https:\/\/gplast.se\/da\/wp-json\/wp\/v2\/media?parent=4076"}],"curies":[{"name":"wp","href":"https:\/\/api.w.org\/{rel}","templated":true}]}}