{"id":4018,"date":"2021-02-11T10:39:57","date_gmt":"2021-02-11T09:39:57","guid":{"rendered":"https:\/\/gplast.se\/om-os\/ledige-stilllinger\/"},"modified":"2025-06-23T14:30:18","modified_gmt":"2025-06-23T12:30:18","slug":"ledige-stilllinger","status":"publish","type":"page","link":"https:\/\/gplast.se\/da\/kontakt\/ledige-stilllinger\/","title":{"rendered":"LEDIGE STIlLLINGER"},"content":{"rendered":"<p><div class=\"fusion-fullwidth fullwidth-box fusion-builder-row-1 fusion-flex-container has-pattern-background has-mask-background fusion-parallax-none nonhundred-percent-fullwidth non-hundred-percent-height-scrolling\" style=\"--awb-border-radius-top-left:0px;--awb-border-radius-top-right:0px;--awb-border-radius-bottom-right:0px;--awb-border-radius-bottom-left:0px;--awb-background-color:#eeeeee;--awb-background-image:url(&quot;https:\/\/gplast.se\/wp-content\/uploads\/2025\/06\/1806x958_header_tatuering-scaled.jpg&quot;);--awb-background-size:cover;--awb-flex-wrap:wrap;\" ><div class=\"fusion-builder-row fusion-row fusion-flex-align-items-flex-start fusion-flex-justify-content-center fusion-flex-content-wrap\" style=\"max-width:calc( 1180px + 0px );margin-left: calc(-0px \/ 2 );margin-right: calc(-0px \/ 2 );\"><div class=\"fusion-layout-column fusion_builder_column fusion-builder-column-0 fusion_builder_column_2_3 2_3 fusion-flex-column fusion-animated\" style=\"--awb-bg-size:cover;--awb-width-large:66.666666666667%;--awb-margin-top-large:300px;--awb-spacing-right-large:0px;--awb-margin-bottom-large:300px;--awb-spacing-left-large:0px;--awb-width-medium:100%;--awb-order-medium:0;--awb-spacing-right-medium:0px;--awb-spacing-left-medium:0px;--awb-width-small:100%;--awb-order-small:0;--awb-spacing-right-small:0px;--awb-spacing-left-small:0px;\" data-animationType=\"zoomIn\" data-animationDuration=\"0.9\" data-animationOffset=\"top-into-view\"><div class=\"fusion-column-wrapper fusion-column-has-shadow fusion-flex-justify-content-flex-start fusion-content-layout-column\"><\/div><\/div><\/div><\/div><div class=\"fusion-fullwidth fullwidth-box fusion-builder-row-2 fusion-flex-container nonhundred-percent-fullwidth non-hundred-percent-height-scrolling\" style=\"--awb-border-radius-top-left:0px;--awb-border-radius-top-right:0px;--awb-border-radius-bottom-right:0px;--awb-border-radius-bottom-left:0px;--awb-background-color:#dcecf8;--awb-flex-wrap:wrap;\" ><div class=\"fusion-builder-row fusion-row fusion-flex-align-items-flex-start fusion-flex-content-wrap\" style=\"max-width:1227.2px;margin-left: calc(-4% \/ 2 );margin-right: calc(-4% \/ 2 );\"><div class=\"fusion-layout-column fusion_builder_column fusion-builder-column-1 fusion_builder_column_1_1 1_1 fusion-flex-column\" style=\"--awb-bg-size:cover;--awb-width-large:100%;--awb-margin-top-large:15px;--awb-spacing-right-large:1.92%;--awb-margin-bottom-large:15px;--awb-spacing-left-large:1.92%;--awb-width-medium:100%;--awb-order-medium:0;--awb-spacing-right-medium:1.92%;--awb-spacing-left-medium:1.92%;--awb-width-small:100%;--awb-order-small:0;--awb-spacing-right-small:1.92%;--awb-spacing-left-small:1.92%;\"><div class=\"fusion-column-wrapper fusion-column-has-shadow fusion-flex-justify-content-flex-start fusion-content-layout-column\"><nav class=\"fusion-breadcrumbs awb-yoast-breadcrumbs fusion-breadcrumbs-1\" style=\"--awb-margin-top:1px;--awb-margin-bottom:1px;--awb-alignment:center;--awb-breadcrumb-sep:&#039;\/&#039;;text-align:center;\" aria-label=\"Breadcrumb\"><span><span><a href=\"https:\/\/gplast.se\/da\/\">Hem<\/a><\/span><\/span><\/nav><\/div><\/div><\/div><\/div>\n<div class=\"fusion-fullwidth fullwidth-box fusion-builder-row-3 fusion-flex-container nonhundred-percent-fullwidth non-hundred-percent-height-scrolling\" style=\"--awb-border-radius-top-left:0px;--awb-border-radius-top-right:0px;--awb-border-radius-bottom-right:0px;--awb-border-radius-bottom-left:0px;--awb-padding-top:0px;--awb-padding-bottom:70px;--awb-background-color:#dcecf8;--awb-flex-wrap:wrap;\" ><div class=\"fusion-builder-row fusion-row fusion-flex-align-items-flex-start fusion-flex-content-wrap\" style=\"max-width:1227.2px;margin-left: calc(-4% \/ 2 );margin-right: calc(-4% \/ 2 );\"><div class=\"fusion-layout-column fusion_builder_column fusion-builder-column-2 fusion_builder_column_1_6 1_6 fusion-flex-column fusion-no-small-visibility\" style=\"--awb-bg-size:cover;--awb-width-large:16.666666666667%;--awb-margin-top-large:15px;--awb-spacing-right-large:11.52%;--awb-margin-bottom-large:15px;--awb-spacing-left-large:11.52%;--awb-width-medium:100%;--awb-spacing-right-medium:1.92%;--awb-spacing-left-medium:1.92%;--awb-width-small:100%;--awb-spacing-right-small:1.92%;--awb-spacing-left-small:1.92%;\"><div class=\"fusion-column-wrapper fusion-flex-justify-content-flex-start fusion-content-layout-column\"><\/div><\/div><div class=\"fusion-layout-column fusion_builder_column fusion-builder-column-3 fusion_builder_column_2_3 2_3 fusion-flex-column\" style=\"--awb-bg-size:cover;--awb-width-large:66.666666666667%;--awb-margin-top-large:20px;--awb-spacing-right-large:2.88%;--awb-margin-bottom-large:45px;--awb-spacing-left-large:2.88%;--awb-width-medium:100%;--awb-spacing-right-medium:1.92%;--awb-margin-bottom-medium:24px;--awb-spacing-left-medium:1.92%;--awb-width-small:100%;--awb-spacing-right-small:1.92%;--awb-spacing-left-small:1.92%;\"><div class=\"fusion-column-wrapper fusion-flex-justify-content-flex-start fusion-content-layout-column\"><div class=\"fusion-title title fusion-title-1 fusion-sep-none fusion-title-center fusion-title-text fusion-title-size-two\" style=\"--awb-margin-top:0px;--awb-margin-bottom:0px;\"><h2 class=\"fusion-title-heading title-heading-center fusion-responsive-typography-calculated\" style=\"margin:0;--fontSize:35;line-height:1.05;\"><h2 style=\"text-align: center;\">Er du en af \u200b\u200bvores nye medarbejdere i S\u00f6dert\u00e4lje, Stockholm eller Malm\u00f8?<\/h2><\/h2><\/div><div class=\"fusion-separator\" style=\"align-self: center;margin-left: auto;margin-right: auto;margin-top:10px;margin-bottom:36px;width:100%;max-width:24%;\"><div class=\"fusion-separator-border sep-single\" style=\"--awb-height:20px;--awb-amount:20px;border-color:#1b263a;border-top-width:2px;\"><\/div><\/div><div class=\"fusion-text fusion-text-1\"><p style=\"text-align: left;\">Vi er altid interesserede i at tilf\u00f8je kompetente medarbejdere til vores team! Kontakt os gerne, hvis du er interesseret! Lige nu har vi brug for chauff\u00f8rer med CE, YKB og ADR. Har du det, der skal til for at blive en del af vores st\u00e6rke team? Se vores stillinger herunder og send en intressetilkendegivelse!<\/p>\n<pre id=\"tw-target-text\" class=\"tw-data-text tw-text-large tw-ta\" dir=\"ltr\" data-placeholder=\"\u00d6vers\u00e4ttning\" aria-label=\"\u00d6versatt text\" data-ved=\"2ahUKEwjfos6iuLqIAxUYU1UIHZm_GdIQ3ewLegQIBxAT\"><\/pre>\n<\/div><div class=\"fusion-text fusion-text-2\"><h2>Anmeld din intresse for at arbejde med os:<\/h2>\n<\/div><ul class=\"job-listing\"><li><a href=\"https:\/\/gplast.se\/da\/kontakt\/ledige-stilllinger\/lagerarbejder-malmo\/\">Lagerarbejder Malm\u00f6<\/a><\/li><li><a href=\"https:\/\/gplast.se\/da\/kontakt\/ledige-stilllinger\/lastbilchauffoer\/\">Lastbilchauff\u00f8r<\/a><\/li><\/ul><\/div><\/div><div class=\"fusion-layout-column fusion_builder_column fusion-builder-column-4 fusion_builder_column_1_6 1_6 fusion-flex-column fusion-no-small-visibility\" style=\"--awb-bg-size:cover;--awb-width-large:16.666666666667%;--awb-margin-top-large:15px;--awb-spacing-right-large:11.52%;--awb-margin-bottom-large:15px;--awb-spacing-left-large:11.52%;--awb-width-medium:100%;--awb-spacing-right-medium:1.92%;--awb-spacing-left-medium:1.92%;--awb-width-small:100%;--awb-spacing-right-small:1.92%;--awb-spacing-left-small:1.92%;\"><div class=\"fusion-column-wrapper fusion-flex-justify-content-flex-start fusion-content-layout-column\"><\/div><\/div><\/div><\/div><\/p>\n","protected":false},"excerpt":{"rendered":"","protected":false},"author":2,"featured_media":0,"parent":4021,"menu_order":4,"comment_status":"closed","ping_status":"closed","template":"100-width.php","meta":{"_acf_changed":false,"footnotes":""},"class_list":["post-4018","page","type-page","status-publish","hentry"],"acf":[],"yoast_head":"<!-- This site is optimized with the Yoast SEO plugin v26.7 - https:\/\/yoast.com\/wordpress\/plugins\/seo\/ -->\n<title>Ledige stillinger | S\u00f6dert\u00e4lje, Stockholm og Malm\u00f8 | GP Last<\/title>\n<meta name=\"robots\" content=\"index, follow, max-snippet:-1, max-image-preview:large, max-video-preview:-1\" \/>\n<link rel=\"canonical\" href=\"https:\/\/gplast.se\/da\/kontakt\/ledige-stilllinger\/\" \/>\n<meta property=\"og:locale\" content=\"da_DK\" \/>\n<meta property=\"og:type\" content=\"article\" \/>\n<meta property=\"og:title\" content=\"Ledige stillinger | S\u00f6dert\u00e4lje, Stockholm og Malm\u00f8 | GP Last\" \/>\n<meta property=\"og:url\" content=\"https:\/\/gplast.se\/da\/kontakt\/ledige-stilllinger\/\" \/>\n<meta property=\"og:site_name\" content=\"GPLast\" \/>\n<meta property=\"article:modified_time\" content=\"2025-06-23T12:30:18+00:00\" \/>\n<meta name=\"twitter:card\" content=\"summary_large_image\" \/>\n<meta name=\"twitter:label1\" content=\"Estimeret l\u00e6setid\" \/>\n\t<meta name=\"twitter:data1\" content=\"1 minut\" \/>\n<!-- \/ Yoast SEO plugin. -->","yoast_head_json":{"title":"Ledige stillinger | S\u00f6dert\u00e4lje, Stockholm og Malm\u00f8 | GP Last","robots":{"index":"index","follow":"follow","max-snippet":"max-snippet:-1","max-image-preview":"max-image-preview:large","max-video-preview":"max-video-preview:-1"},"canonical":"https:\/\/gplast.se\/da\/kontakt\/ledige-stilllinger\/","og_locale":"da_DK","og_type":"article","og_title":"Ledige stillinger | S\u00f6dert\u00e4lje, Stockholm og Malm\u00f8 | GP Last","og_url":"https:\/\/gplast.se\/da\/kontakt\/ledige-stilllinger\/","og_site_name":"GPLast","article_modified_time":"2025-06-23T12:30:18+00:00","twitter_card":"summary_large_image","twitter_misc":{"Estimeret l\u00e6setid":"1 minut"},"schema":{"@context":"https:\/\/schema.org","@graph":[{"@type":"WebPage","@id":"https:\/\/gplast.se\/da\/kontakt\/ledige-stilllinger\/","url":"https:\/\/gplast.se\/da\/kontakt\/ledige-stilllinger\/","name":"Ledige stillinger | S\u00f6dert\u00e4lje, Stockholm og Malm\u00f8 | GP Last","isPartOf":{"@id":"https:\/\/gplast.se\/da\/#website"},"datePublished":"2021-02-11T09:39:57+00:00","dateModified":"2025-06-23T12:30:18+00:00","breadcrumb":{"@id":"https:\/\/gplast.se\/da\/kontakt\/ledige-stilllinger\/#breadcrumb"},"inLanguage":"da-DK","potentialAction":[{"@type":"ReadAction","target":["https:\/\/gplast.se\/da\/kontakt\/ledige-stilllinger\/"]}]},{"@type":"BreadcrumbList","@id":"https:\/\/gplast.se\/da\/kontakt\/ledige-stilllinger\/#breadcrumb","itemListElement":[{"@type":"ListItem","position":1,"name":"Hem","item":"https:\/\/gplast.se\/da\/"},{"@type":"ListItem","position":2,"name":"KONTAKT","item":"https:\/\/gplast.se\/da\/kontakt\/"},{"@type":"ListItem","position":3,"name":"LEDIGE STIlLLINGER"}]},{"@type":"WebSite","@id":"https:\/\/gplast.se\/da\/#website","url":"https:\/\/gplast.se\/da\/","name":"GPLast","description":"Ditt logistikcenter i Sk\u00e5ne","potentialAction":[{"@type":"SearchAction","target":{"@type":"EntryPoint","urlTemplate":"https:\/\/gplast.se\/da\/?s={search_term_string}"},"query-input":{"@type":"PropertyValueSpecification","valueRequired":true,"valueName":"search_term_string"}}],"inLanguage":"da-DK"}]}},"_links":{"self":[{"href":"https:\/\/gplast.se\/da\/wp-json\/wp\/v2\/pages\/4018","targetHints":{"allow":["GET"]}}],"collection":[{"href":"https:\/\/gplast.se\/da\/wp-json\/wp\/v2\/pages"}],"about":[{"href":"https:\/\/gplast.se\/da\/wp-json\/wp\/v2\/types\/page"}],"author":[{"embeddable":true,"href":"https:\/\/gplast.se\/da\/wp-json\/wp\/v2\/users\/2"}],"replies":[{"embeddable":true,"href":"https:\/\/gplast.se\/da\/wp-json\/wp\/v2\/comments?post=4018"}],"version-history":[{"count":8,"href":"https:\/\/gplast.se\/da\/wp-json\/wp\/v2\/pages\/4018\/revisions"}],"predecessor-version":[{"id":8277,"href":"https:\/\/gplast.se\/da\/wp-json\/wp\/v2\/pages\/4018\/revisions\/8277"}],"up":[{"embeddable":true,"href":"https:\/\/gplast.se\/da\/wp-json\/wp\/v2\/pages\/4021"}],"wp:attachment":[{"href":"https:\/\/gplast.se\/da\/wp-json\/wp\/v2\/media?parent=4018"}],"curies":[{"name":"wp","href":"https:\/\/api.w.org\/{rel}","templated":true}]}}